{"id":67323,"date":"2025-12-19T11:45:43","date_gmt":"2025-12-19T09:45:43","guid":{"rendered":"https:\/\/freshgarbage.fi\/tuote\/the-flaming-sideburns-silver-flames\/"},"modified":"2025-12-19T11:45:43","modified_gmt":"2025-12-19T09:45:43","slug":"the-flaming-sideburns-silver-flames","status":"publish","type":"product","link":"https:\/\/freshgarbage.fi\/en\/product\/the-flaming-sideburns-silver-flames\/","title":{"rendered":"The Flaming Sideburns \u2013 Silver Flames"},"content":{"rendered":"","protected":false},"excerpt":{"rendered":"<p>Alkuper\u00e4inen painos kirkkaalla l\u00e4pin\u00e4kyv\u00e4ll\u00e4 levyll\u00e4.<\/p>\n","protected":false},"featured_media":62319,"template":"","meta":{"_acf_changed":false},"product_brand":[],"product_cat":[120],"product_tag":[],"class_list":{"0":"post-67323","1":"product","2":"type-product","3":"status-publish","4":"has-post-thumbnail","6":"product_cat-finnish","7":"pa_formaatti-lp-en","8":"pa_kaytetty-uusi-2nd-hand","10":"first","11":"instock","12":"shipping-taxable","13":"purchasable","14":"product-type-simple"},"acf":[],"_links":{"self":[{"href":"https:\/\/freshgarbage.fi\/en\/wp-json\/wp\/v2\/product\/67323","targetHints":{"allow":["GET"]}}],"collection":[{"href":"https:\/\/freshgarbage.fi\/en\/wp-json\/wp\/v2\/product"}],"about":[{"href":"https:\/\/freshgarbage.fi\/en\/wp-json\/wp\/v2\/types\/product"}],"wp:featuredmedia":[{"embeddable":true,"href":"https:\/\/freshgarbage.fi\/en\/wp-json\/wp\/v2\/media\/62319"}],"wp:attachment":[{"href":"https:\/\/freshgarbage.fi\/en\/wp-json\/wp\/v2\/media?parent=67323"}],"wp:term":[{"taxonomy":"product_brand","embeddable":true,"href":"https:\/\/freshgarbage.fi\/en\/wp-json\/wp\/v2\/product_brand?post=67323"},{"taxonomy":"product_cat","embeddable":true,"href":"https:\/\/freshgarbage.fi\/en\/wp-json\/wp\/v2\/product_cat?post=67323"},{"taxonomy":"product_tag","embeddable":true,"href":"https:\/\/freshgarbage.fi\/en\/wp-json\/wp\/v2\/product_tag?post=67323"}],"curies":[{"name":"wp","href":"https:\/\/api.w.org\/{rel}","templated":true}]}}