{"id":67320,"date":"2025-12-19T11:45:45","date_gmt":"2025-12-19T09:45:45","guid":{"rendered":"https:\/\/freshgarbage.fi\/tuote\/honey-b-the-t-bones-honey-b-the-t-bones-ep\/"},"modified":"2025-12-19T11:45:45","modified_gmt":"2025-12-19T09:45:45","slug":"honey-b-the-t-bones-honey-b-the-t-bones-ep","status":"publish","type":"product","link":"https:\/\/freshgarbage.fi\/en\/product\/honey-b-the-t-bones-honey-b-the-t-bones-ep\/","title":{"rendered":"Honey B &#038; The T-Bones \u2013 Honey B &#038; The T-Bones EP"},"content":{"rendered":"","protected":false},"excerpt":{"rendered":"<p>Alkuper\u00e4inen painos. Hieman kulunut kansi, hintalapun j\u00e4\u00e4m\u00e4\u00e4.<\/p>\n","protected":false},"featured_media":62212,"template":"","meta":{"_acf_changed":false},"product_brand":[],"product_cat":[120],"product_tag":[],"class_list":{"0":"post-67320","1":"product","2":"type-product","3":"status-publish","4":"has-post-thumbnail","6":"product_cat-finnish","8":"first","9":"instock","10":"shipping-taxable","11":"purchasable","12":"product-type-simple"},"acf":[],"_links":{"self":[{"href":"https:\/\/freshgarbage.fi\/en\/wp-json\/wp\/v2\/product\/67320","targetHints":{"allow":["GET"]}}],"collection":[{"href":"https:\/\/freshgarbage.fi\/en\/wp-json\/wp\/v2\/product"}],"about":[{"href":"https:\/\/freshgarbage.fi\/en\/wp-json\/wp\/v2\/types\/product"}],"wp:featuredmedia":[{"embeddable":true,"href":"https:\/\/freshgarbage.fi\/en\/wp-json\/wp\/v2\/media\/62212"}],"wp:attachment":[{"href":"https:\/\/freshgarbage.fi\/en\/wp-json\/wp\/v2\/media?parent=67320"}],"wp:term":[{"taxonomy":"product_brand","embeddable":true,"href":"https:\/\/freshgarbage.fi\/en\/wp-json\/wp\/v2\/product_brand?post=67320"},{"taxonomy":"product_cat","embeddable":true,"href":"https:\/\/freshgarbage.fi\/en\/wp-json\/wp\/v2\/product_cat?post=67320"},{"taxonomy":"product_tag","embeddable":true,"href":"https:\/\/freshgarbage.fi\/en\/wp-json\/wp\/v2\/product_tag?post=67320"}],"curies":[{"name":"wp","href":"https:\/\/api.w.org\/{rel}","templated":true}]}}