{"id":67302,"date":"2025-12-19T11:45:59","date_gmt":"2025-12-19T09:45:59","guid":{"rendered":"https:\/\/freshgarbage.fi\/tuote\/elakelaiset-werbung-baby\/"},"modified":"2025-12-19T11:45:59","modified_gmt":"2025-12-19T09:45:59","slug":"elakelaiset-werbung-baby","status":"publish","type":"product","link":"https:\/\/freshgarbage.fi\/en\/product\/elakelaiset-werbung-baby\/","title":{"rendered":"El\u00e4kel\u00e4iset \u2013 Werbung, Baby!"},"content":{"rendered":"","protected":false},"excerpt":{"rendered":"<p>Alkuper\u00e4inen ja ainoa vinyylipainos. Kuvalevy.<\/p>\n<p>Levy julkaistu alun perin kokonaan ilman kantta, mutta t\u00e4h\u00e4n lis\u00e4tty geneerinen kuvalevykotelo.<\/p>\n","protected":false},"featured_media":62182,"template":"","meta":{"_acf_changed":false},"product_brand":[],"product_cat":[120],"product_tag":[],"class_list":{"0":"post-67302","1":"product","2":"type-product","3":"status-publish","4":"has-post-thumbnail","6":"product_cat-finnish","7":"pa_formaatti-lp-en","8":"pa_kaytetty-uusi-2nd-hand","10":"first","11":"instock","12":"shipping-taxable","13":"purchasable","14":"product-type-simple"},"acf":[],"_links":{"self":[{"href":"https:\/\/freshgarbage.fi\/en\/wp-json\/wp\/v2\/product\/67302","targetHints":{"allow":["GET"]}}],"collection":[{"href":"https:\/\/freshgarbage.fi\/en\/wp-json\/wp\/v2\/product"}],"about":[{"href":"https:\/\/freshgarbage.fi\/en\/wp-json\/wp\/v2\/types\/product"}],"wp:featuredmedia":[{"embeddable":true,"href":"https:\/\/freshgarbage.fi\/en\/wp-json\/wp\/v2\/media\/62182"}],"wp:attachment":[{"href":"https:\/\/freshgarbage.fi\/en\/wp-json\/wp\/v2\/media?parent=67302"}],"wp:term":[{"taxonomy":"product_brand","embeddable":true,"href":"https:\/\/freshgarbage.fi\/en\/wp-json\/wp\/v2\/product_brand?post=67302"},{"taxonomy":"product_cat","embeddable":true,"href":"https:\/\/freshgarbage.fi\/en\/wp-json\/wp\/v2\/product_cat?post=67302"},{"taxonomy":"product_tag","embeddable":true,"href":"https:\/\/freshgarbage.fi\/en\/wp-json\/wp\/v2\/product_tag?post=67302"}],"curies":[{"name":"wp","href":"https:\/\/api.w.org\/{rel}","templated":true}]}}