{"id":67271,"date":"2025-06-10T10:45:46","date_gmt":"2025-06-10T07:45:46","guid":{"rendered":"https:\/\/freshgarbage.fi\/tuote\/wreckless-eric-the-wonderful-world-of-wreckless-eric\/"},"modified":"2025-06-10T10:45:46","modified_gmt":"2025-06-10T07:45:46","slug":"wreckless-eric-the-wonderful-world-of-wreckless-eric","status":"publish","type":"product","link":"https:\/\/freshgarbage.fi\/en\/product\/wreckless-eric-the-wonderful-world-of-wreckless-eric\/","title":{"rendered":"Wreckless Eric \u2013 The Wonderful World Of Wreckless Eric"},"content":{"rendered":"","protected":false},"excerpt":{"rendered":"<p>Siisti alkuper\u00e4inen UK-painos vihre\u00e4ll\u00e4 vinyylill\u00e4.<\/p>\n","protected":false},"featured_media":35642,"template":"","meta":{"_acf_changed":false},"product_brand":[],"product_cat":[117],"product_tag":[],"class_list":{"0":"post-67271","1":"product","2":"type-product","3":"status-publish","4":"has-post-thumbnail","6":"product_cat-new-wave-goth-rock-synth-pop-post-punk-en","7":"pa_formaatti-lp-en","8":"pa_kaytetty-uusi-2nd-hand","10":"first","11":"instock","12":"shipping-taxable","13":"purchasable","14":"product-type-simple"},"acf":[],"_links":{"self":[{"href":"https:\/\/freshgarbage.fi\/en\/wp-json\/wp\/v2\/product\/67271","targetHints":{"allow":["GET"]}}],"collection":[{"href":"https:\/\/freshgarbage.fi\/en\/wp-json\/wp\/v2\/product"}],"about":[{"href":"https:\/\/freshgarbage.fi\/en\/wp-json\/wp\/v2\/types\/product"}],"wp:featuredmedia":[{"embeddable":true,"href":"https:\/\/freshgarbage.fi\/en\/wp-json\/wp\/v2\/media\/35642"}],"wp:attachment":[{"href":"https:\/\/freshgarbage.fi\/en\/wp-json\/wp\/v2\/media?parent=67271"}],"wp:term":[{"taxonomy":"product_brand","embeddable":true,"href":"https:\/\/freshgarbage.fi\/en\/wp-json\/wp\/v2\/product_brand?post=67271"},{"taxonomy":"product_cat","embeddable":true,"href":"https:\/\/freshgarbage.fi\/en\/wp-json\/wp\/v2\/product_cat?post=67271"},{"taxonomy":"product_tag","embeddable":true,"href":"https:\/\/freshgarbage.fi\/en\/wp-json\/wp\/v2\/product_tag?post=67271"}],"curies":[{"name":"wp","href":"https:\/\/api.w.org\/{rel}","templated":true}]}}