{"id":67221,"date":"2025-11-13T11:45:26","date_gmt":"2025-11-13T09:45:26","guid":{"rendered":"https:\/\/freshgarbage.fi\/tuote\/john-coltrane-more-lasting-than-bronze-2\/"},"modified":"2025-11-13T11:45:26","modified_gmt":"2025-11-13T09:45:26","slug":"john-coltrane-more-lasting-than-bronze-2","status":"publish","type":"product","link":"https:\/\/freshgarbage.fi\/en\/product\/john-coltrane-more-lasting-than-bronze-2\/","title":{"rendered":"John Coltrane \u2013 &#8230;More Lasting Than Bronze"},"content":{"rendered":"","protected":false},"excerpt":{"rendered":"<p>2LP. Ensimm\u00e4inen levyn kappaleet konaisuutena levylt\u00e4 Lush Life (1961) ja toisen levylt\u00e4 Coltrane (1957).<\/p>\n<p>A1 Lush Life 13:15<br \/>\nA2 I Hear A Rhapsody 6:00<br \/>\nB1 Like Someone In Love 4:55<br \/>\nB2 I Love You 5:30<br \/>\nB3 Trane&#8217;s Slo Blues 6:20<\/p>\n<p>C1 Bakai 8:45<br \/>\nC2 Violets For Your Furs 6:10<br \/>\nC3 Time Was 7:25<br \/>\nD1 Straight Street 6:15<br \/>\nD2 While My Lady Sleeps 4:36<br \/>\nD3 Chronic Blues 8:00<\/p>\n","protected":false},"featured_media":59217,"template":"","meta":{"_acf_changed":false},"product_brand":[],"product_cat":[122],"product_tag":[],"class_list":{"0":"post-67221","1":"product","2":"type-product","3":"status-publish","4":"has-post-thumbnail","6":"product_cat-jazz-fusion-en","7":"pa_formaatti-lp-en","8":"pa_kaytetty-uusi-2nd-hand","10":"first","11":"instock","12":"shipping-taxable","13":"purchasable","14":"product-type-simple"},"acf":[],"_links":{"self":[{"href":"https:\/\/freshgarbage.fi\/en\/wp-json\/wp\/v2\/product\/67221","targetHints":{"allow":["GET"]}}],"collection":[{"href":"https:\/\/freshgarbage.fi\/en\/wp-json\/wp\/v2\/product"}],"about":[{"href":"https:\/\/freshgarbage.fi\/en\/wp-json\/wp\/v2\/types\/product"}],"wp:featuredmedia":[{"embeddable":true,"href":"https:\/\/freshgarbage.fi\/en\/wp-json\/wp\/v2\/media\/59217"}],"wp:attachment":[{"href":"https:\/\/freshgarbage.fi\/en\/wp-json\/wp\/v2\/media?parent=67221"}],"wp:term":[{"taxonomy":"product_brand","embeddable":true,"href":"https:\/\/freshgarbage.fi\/en\/wp-json\/wp\/v2\/product_brand?post=67221"},{"taxonomy":"product_cat","embeddable":true,"href":"https:\/\/freshgarbage.fi\/en\/wp-json\/wp\/v2\/product_cat?post=67221"},{"taxonomy":"product_tag","embeddable":true,"href":"https:\/\/freshgarbage.fi\/en\/wp-json\/wp\/v2\/product_tag?post=67221"}],"curies":[{"name":"wp","href":"https:\/\/api.w.org\/{rel}","templated":true}]}}