{"id":67206,"date":"2025-12-31T11:45:40","date_gmt":"2025-12-31T09:45:40","guid":{"rendered":"https:\/\/freshgarbage.fi\/tuote\/various-tanssi-pieni-tanssi\/"},"modified":"2025-12-31T11:45:40","modified_gmt":"2025-12-31T09:45:40","slug":"various-tanssi-pieni-tanssi","status":"publish","type":"product","link":"https:\/\/freshgarbage.fi\/en\/product\/various-tanssi-pieni-tanssi\/","title":{"rendered":"Various \u2013 Tanssi Pieni Tanssi"},"content":{"rendered":"","protected":false},"excerpt":{"rendered":"<p>Alkuper\u00e4inen painos.<\/p>\n<p>Kannen reunoissa ollut teipit, josta liimaraidat. Muuten varsin hyv\u00e4 kansi.<\/p>\n<p>A1 Se \u2013 Joku Muu<br \/>\nA2 SIG \u2013 El\u00e4m\u00e4 Vie Mua<br \/>\nA3 Woude \u2013 Satoi<br \/>\nA4 Sika \u2013 Kuin Elokuvissa<br \/>\nA5 Leevi And The Leavings \u2013 Matkamuistoja<br \/>\nA6 Top Ranking Eric \u2013 Vanha Hippi<br \/>\nA7 P\u00e4\u00e4t \u2013 T\u00e4ynn\u00e4 El\u00e4m\u00e4\u00e4<br \/>\nB1 Maukka Perusj\u00e4tk\u00e4 \u2013 Mama<br \/>\nB2 Unohda Eila \u2013 Kolmas Maailma<br \/>\nB3 Vaaralliset Lelut \u2013 Varjoihin K\u00e4tkeytynein\u00e4<br \/>\nB4 Xtaasi \u2013 Sun Huoneessa<br \/>\nB5 Vaavi \u2013 Et Pys\u00e4yt\u00e4 Mua En\u00e4\u00e4<br \/>\nB6 Ratsia \u2013 T\u00e4m\u00e4 Hetki Ja Tulevaisuus<br \/>\nB7 Problems? \u2013 Katupoikien Laulu<\/p>\n","protected":false},"featured_media":62726,"template":"","meta":{"_acf_changed":false},"product_brand":[],"product_cat":[120],"product_tag":[],"class_list":{"0":"post-67206","1":"product","2":"type-product","3":"status-publish","4":"has-post-thumbnail","6":"product_cat-finnish","7":"pa_formaatti-lp-en","8":"pa_kaytetty-uusi-2nd-hand","10":"first","11":"instock","12":"shipping-taxable","13":"purchasable","14":"product-type-simple"},"acf":[],"_links":{"self":[{"href":"https:\/\/freshgarbage.fi\/en\/wp-json\/wp\/v2\/product\/67206","targetHints":{"allow":["GET"]}}],"collection":[{"href":"https:\/\/freshgarbage.fi\/en\/wp-json\/wp\/v2\/product"}],"about":[{"href":"https:\/\/freshgarbage.fi\/en\/wp-json\/wp\/v2\/types\/product"}],"wp:featuredmedia":[{"embeddable":true,"href":"https:\/\/freshgarbage.fi\/en\/wp-json\/wp\/v2\/media\/62726"}],"wp:attachment":[{"href":"https:\/\/freshgarbage.fi\/en\/wp-json\/wp\/v2\/media?parent=67206"}],"wp:term":[{"taxonomy":"product_brand","embeddable":true,"href":"https:\/\/freshgarbage.fi\/en\/wp-json\/wp\/v2\/product_brand?post=67206"},{"taxonomy":"product_cat","embeddable":true,"href":"https:\/\/freshgarbage.fi\/en\/wp-json\/wp\/v2\/product_cat?post=67206"},{"taxonomy":"product_tag","embeddable":true,"href":"https:\/\/freshgarbage.fi\/en\/wp-json\/wp\/v2\/product_tag?post=67206"}],"curies":[{"name":"wp","href":"https:\/\/api.w.org\/{rel}","templated":true}]}}