{"id":67179,"date":"2025-01-30T17:30:08","date_gmt":"2025-01-30T15:30:08","guid":{"rendered":"https:\/\/freshgarbage.fi\/tuote\/gordon-giltrap-a-testament-of-time\/"},"modified":"2025-01-30T17:30:08","modified_gmt":"2025-01-30T15:30:08","slug":"gordon-giltrap-a-testament-of-time","status":"publish","type":"product","link":"https:\/\/freshgarbage.fi\/en\/product\/gordon-giltrap-a-testament-of-time\/","title":{"rendered":"Gordon Giltrap \u2013 A Testament Of Time"},"content":{"rendered":"","protected":false},"excerpt":{"rendered":"<ul>\n<li>Toisessa kanavassa jonkin verran s\u00e4r\u00f6\u00e4.<\/li>\n<li>Ringwearia ja pient\u00e4 nuhruisuutta kannessa.<\/li>\n<\/ul>\n","protected":false},"featured_media":29702,"template":"","meta":{"_acf_changed":false},"product_brand":[],"product_cat":[125],"product_tag":[],"class_list":{"0":"post-67179","1":"product","2":"type-product","3":"status-publish","4":"has-post-thumbnail","6":"product_cat-folk-folk-rock-acoustic-en","7":"pa_formaatti-lp-en","8":"pa_kaytetty-uusi-2nd-hand","10":"first","11":"instock","12":"shipping-taxable","13":"purchasable","14":"product-type-simple"},"acf":[],"_links":{"self":[{"href":"https:\/\/freshgarbage.fi\/en\/wp-json\/wp\/v2\/product\/67179","targetHints":{"allow":["GET"]}}],"collection":[{"href":"https:\/\/freshgarbage.fi\/en\/wp-json\/wp\/v2\/product"}],"about":[{"href":"https:\/\/freshgarbage.fi\/en\/wp-json\/wp\/v2\/types\/product"}],"wp:featuredmedia":[{"embeddable":true,"href":"https:\/\/freshgarbage.fi\/en\/wp-json\/wp\/v2\/media\/29702"}],"wp:attachment":[{"href":"https:\/\/freshgarbage.fi\/en\/wp-json\/wp\/v2\/media?parent=67179"}],"wp:term":[{"taxonomy":"product_brand","embeddable":true,"href":"https:\/\/freshgarbage.fi\/en\/wp-json\/wp\/v2\/product_brand?post=67179"},{"taxonomy":"product_cat","embeddable":true,"href":"https:\/\/freshgarbage.fi\/en\/wp-json\/wp\/v2\/product_cat?post=67179"},{"taxonomy":"product_tag","embeddable":true,"href":"https:\/\/freshgarbage.fi\/en\/wp-json\/wp\/v2\/product_tag?post=67179"}],"curies":[{"name":"wp","href":"https:\/\/api.w.org\/{rel}","templated":true}]}}