{"id":67139,"date":"2025-07-15T11:40:24","date_gmt":"2025-07-15T08:40:24","guid":{"rendered":"https:\/\/freshgarbage.fi\/tuote\/kuudes-tunti-kuinka-tanaan-voit\/"},"modified":"2025-07-15T11:40:24","modified_gmt":"2025-07-15T08:40:24","slug":"kuudes-tunti-kuinka-tanaan-voit","status":"publish","type":"product","link":"https:\/\/freshgarbage.fi\/en\/product\/kuudes-tunti-kuinka-tanaan-voit\/","title":{"rendered":"Kuudes Tunti \u2013 Kuinka T\u00e4n\u00e4\u00e4n Voit"},"content":{"rendered":"","protected":false},"excerpt":{"rendered":"<p>2LP + 20-sivuinen kirjanen.<\/p>\n<p>This double vinyl set consists of the original studio LP from 1984 plus 9 unreleased bonus tracks, including the shelved 7&#8243; &#8220;P\u00e4\u00e4 (Sy\u00f6 Omat Silm\u00e4ns\u00e4)&#8221; (Tracks C1 &amp; C2). Tracks C3 to D4 recorded live at Tavastia, Helsinki, 5\/3\/1984. Also features a 20-page booklet with unseen photos and an extensive essay on the band. Edition of 400 copies.<\/p>\n","protected":false},"featured_media":37246,"template":"","meta":{"_acf_changed":false},"product_brand":[],"product_cat":[120,117],"product_tag":[],"class_list":{"0":"post-67139","1":"product","2":"type-product","3":"status-publish","4":"has-post-thumbnail","6":"product_cat-finnish","7":"product_cat-new-wave-goth-rock-synth-pop-post-punk-en","8":"pa_formaatti-lp-en","9":"pa_kaytetty-uusi-2nd-hand","11":"first","12":"outofstock","13":"shipping-taxable","14":"purchasable","15":"product-type-simple"},"acf":[],"_links":{"self":[{"href":"https:\/\/freshgarbage.fi\/en\/wp-json\/wp\/v2\/product\/67139","targetHints":{"allow":["GET"]}}],"collection":[{"href":"https:\/\/freshgarbage.fi\/en\/wp-json\/wp\/v2\/product"}],"about":[{"href":"https:\/\/freshgarbage.fi\/en\/wp-json\/wp\/v2\/types\/product"}],"wp:featuredmedia":[{"embeddable":true,"href":"https:\/\/freshgarbage.fi\/en\/wp-json\/wp\/v2\/media\/37246"}],"wp:attachment":[{"href":"https:\/\/freshgarbage.fi\/en\/wp-json\/wp\/v2\/media?parent=67139"}],"wp:term":[{"taxonomy":"product_brand","embeddable":true,"href":"https:\/\/freshgarbage.fi\/en\/wp-json\/wp\/v2\/product_brand?post=67139"},{"taxonomy":"product_cat","embeddable":true,"href":"https:\/\/freshgarbage.fi\/en\/wp-json\/wp\/v2\/product_cat?post=67139"},{"taxonomy":"product_tag","embeddable":true,"href":"https:\/\/freshgarbage.fi\/en\/wp-json\/wp\/v2\/product_tag?post=67139"}],"curies":[{"name":"wp","href":"https:\/\/api.w.org\/{rel}","templated":true}]}}