{"id":67105,"date":"2025-03-08T13:24:01","date_gmt":"2025-03-08T11:24:01","guid":{"rendered":"https:\/\/freshgarbage.fi\/tuote\/third-world-war-third-world-war-2\/"},"modified":"2025-03-08T13:24:01","modified_gmt":"2025-03-08T11:24:01","slug":"third-world-war-third-world-war-2","status":"publish","type":"product","link":"https:\/\/freshgarbage.fi\/en\/product\/third-world-war-third-world-war-2\/","title":{"rendered":"Third World War \u2013 Third World War 2"},"content":{"rendered":"","protected":false},"excerpt":{"rendered":"<p>Alkuper\u00e4inen Saksa-painos.<\/p>\n<p>Etukannessa hintalapun tarrapinnasta j\u00e4\u00e4nyt tummentuma. Lis\u00e4ksi hyvin kevytt\u00e4 reunakulumaa sek\u00e4 pieni taitos, mutta ei repe\u00e4mi\u00e4. Levy oikein siisti.<\/p>\n","protected":false},"featured_media":31537,"template":"","meta":{"_acf_changed":false},"product_brand":[],"product_cat":[129],"product_tag":[],"class_list":{"0":"post-67105","1":"product","2":"type-product","3":"status-publish","4":"has-post-thumbnail","6":"product_cat-blues-blues-rock-en","7":"pa_formaatti-lp-en","8":"pa_kaytetty-uusi-2nd-hand","10":"first","11":"instock","12":"shipping-taxable","13":"purchasable","14":"product-type-simple"},"acf":[],"_links":{"self":[{"href":"https:\/\/freshgarbage.fi\/en\/wp-json\/wp\/v2\/product\/67105","targetHints":{"allow":["GET"]}}],"collection":[{"href":"https:\/\/freshgarbage.fi\/en\/wp-json\/wp\/v2\/product"}],"about":[{"href":"https:\/\/freshgarbage.fi\/en\/wp-json\/wp\/v2\/types\/product"}],"wp:featuredmedia":[{"embeddable":true,"href":"https:\/\/freshgarbage.fi\/en\/wp-json\/wp\/v2\/media\/31537"}],"wp:attachment":[{"href":"https:\/\/freshgarbage.fi\/en\/wp-json\/wp\/v2\/media?parent=67105"}],"wp:term":[{"taxonomy":"product_brand","embeddable":true,"href":"https:\/\/freshgarbage.fi\/en\/wp-json\/wp\/v2\/product_brand?post=67105"},{"taxonomy":"product_cat","embeddable":true,"href":"https:\/\/freshgarbage.fi\/en\/wp-json\/wp\/v2\/product_cat?post=67105"},{"taxonomy":"product_tag","embeddable":true,"href":"https:\/\/freshgarbage.fi\/en\/wp-json\/wp\/v2\/product_tag?post=67105"}],"curies":[{"name":"wp","href":"https:\/\/api.w.org\/{rel}","templated":true}]}}