{"id":67066,"date":"2025-02-27T11:15:20","date_gmt":"2025-02-27T09:15:20","guid":{"rendered":"https:\/\/freshgarbage.fi\/tuote\/anne-lonnberg-anne-lonnberg\/"},"modified":"2025-02-27T11:15:20","modified_gmt":"2025-02-27T09:15:20","slug":"anne-lonnberg-anne-lonnberg","status":"publish","type":"product","link":"https:\/\/freshgarbage.fi\/en\/product\/anne-lonnberg-anne-lonnberg\/","title":{"rendered":"Anne Lonnberg \u2013 Anne Lonnberg"},"content":{"rendered":"","protected":false},"excerpt":{"rendered":"<p>Alkuper\u00e4inen Ranska-painos.<\/p>\n<p>Levyss\u00e4 heiver\u00f6ist\u00e4 pintaj\u00e4lke\u00e4, mutta soi hienosti.<\/p>\n","protected":false},"featured_media":30983,"template":"","meta":{"_acf_changed":false},"product_brand":[],"product_cat":[125],"product_tag":[],"class_list":{"0":"post-67066","1":"product","2":"type-product","3":"status-publish","4":"has-post-thumbnail","6":"product_cat-folk-folk-rock-acoustic-en","7":"pa_formaatti-lp-en","8":"pa_kaytetty-uusi-2nd-hand","10":"first","11":"instock","12":"shipping-taxable","13":"purchasable","14":"product-type-simple"},"acf":[],"_links":{"self":[{"href":"https:\/\/freshgarbage.fi\/en\/wp-json\/wp\/v2\/product\/67066","targetHints":{"allow":["GET"]}}],"collection":[{"href":"https:\/\/freshgarbage.fi\/en\/wp-json\/wp\/v2\/product"}],"about":[{"href":"https:\/\/freshgarbage.fi\/en\/wp-json\/wp\/v2\/types\/product"}],"wp:featuredmedia":[{"embeddable":true,"href":"https:\/\/freshgarbage.fi\/en\/wp-json\/wp\/v2\/media\/30983"}],"wp:attachment":[{"href":"https:\/\/freshgarbage.fi\/en\/wp-json\/wp\/v2\/media?parent=67066"}],"wp:term":[{"taxonomy":"product_brand","embeddable":true,"href":"https:\/\/freshgarbage.fi\/en\/wp-json\/wp\/v2\/product_brand?post=67066"},{"taxonomy":"product_cat","embeddable":true,"href":"https:\/\/freshgarbage.fi\/en\/wp-json\/wp\/v2\/product_cat?post=67066"},{"taxonomy":"product_tag","embeddable":true,"href":"https:\/\/freshgarbage.fi\/en\/wp-json\/wp\/v2\/product_tag?post=67066"}],"curies":[{"name":"wp","href":"https:\/\/api.w.org\/{rel}","templated":true}]}}