{"id":66994,"date":"2025-03-24T11:59:59","date_gmt":"2025-03-24T09:59:59","guid":{"rendered":"https:\/\/freshgarbage.fi\/tuote\/tim-buckley-tim-buckley\/"},"modified":"2025-03-24T11:59:59","modified_gmt":"2025-03-24T09:59:59","slug":"tim-buckley-tim-buckley","status":"publish","type":"product","link":"https:\/\/freshgarbage.fi\/en\/product\/tim-buckley-tim-buckley\/","title":{"rendered":"Tim Buckley \u2013 Tim Buckley"},"content":{"rendered":"","protected":false},"excerpt":{"rendered":"<p>Alkuper\u00e4inen US-painos.<\/p>\n<p>Levyss\u00e4 jonkin verran pintaj\u00e4lke\u00e4. Soi p\u00e4\u00e4osin t\u00e4ysin ongelmitta. Kannessa v\u00e4h\u00e4n normaalia suurempi cut-out-leikkaus ja hieman yleist\u00e4 kulumaa.<\/p>\n","protected":false},"featured_media":32283,"template":"","meta":{"_acf_changed":false},"product_brand":[],"product_cat":[125],"product_tag":[],"class_list":{"0":"post-66994","1":"product","2":"type-product","3":"status-publish","4":"has-post-thumbnail","6":"product_cat-folk-folk-rock-acoustic-en","7":"pa_formaatti-lp-en","8":"pa_kaytetty-uusi-2nd-hand","10":"first","11":"instock","12":"shipping-taxable","13":"purchasable","14":"product-type-simple"},"acf":[],"_links":{"self":[{"href":"https:\/\/freshgarbage.fi\/en\/wp-json\/wp\/v2\/product\/66994","targetHints":{"allow":["GET"]}}],"collection":[{"href":"https:\/\/freshgarbage.fi\/en\/wp-json\/wp\/v2\/product"}],"about":[{"href":"https:\/\/freshgarbage.fi\/en\/wp-json\/wp\/v2\/types\/product"}],"wp:featuredmedia":[{"embeddable":true,"href":"https:\/\/freshgarbage.fi\/en\/wp-json\/wp\/v2\/media\/32283"}],"wp:attachment":[{"href":"https:\/\/freshgarbage.fi\/en\/wp-json\/wp\/v2\/media?parent=66994"}],"wp:term":[{"taxonomy":"product_brand","embeddable":true,"href":"https:\/\/freshgarbage.fi\/en\/wp-json\/wp\/v2\/product_brand?post=66994"},{"taxonomy":"product_cat","embeddable":true,"href":"https:\/\/freshgarbage.fi\/en\/wp-json\/wp\/v2\/product_cat?post=66994"},{"taxonomy":"product_tag","embeddable":true,"href":"https:\/\/freshgarbage.fi\/en\/wp-json\/wp\/v2\/product_tag?post=66994"}],"curies":[{"name":"wp","href":"https:\/\/api.w.org\/{rel}","templated":true}]}}