{"id":66985,"date":"2025-07-30T11:30:56","date_gmt":"2025-07-30T08:30:56","guid":{"rendered":"https:\/\/freshgarbage.fi\/tuote\/tom-robinson-band-trb-two\/"},"modified":"2025-07-30T11:30:56","modified_gmt":"2025-07-30T08:30:56","slug":"tom-robinson-band-trb-two","status":"publish","type":"product","link":"https:\/\/freshgarbage.fi\/en\/product\/tom-robinson-band-trb-two\/","title":{"rendered":"Tom Robinson Band \u2013 TRB Two"},"content":{"rendered":"","protected":false},"excerpt":{"rendered":"<p>Alkuper\u00e4inen Skandinavia-painos.<\/p>\n<p>Etukannessa j\u00e4\u00e4mi\u00e4 tarrasta tms., mutta itse kansi ei n\u00e4yt\u00e4 vioittuneelta.<\/p>\n","protected":false},"featured_media":37883,"template":"","meta":{"_acf_changed":false},"product_brand":[],"product_cat":[117],"product_tag":[],"class_list":{"0":"post-66985","1":"product","2":"type-product","3":"status-publish","4":"has-post-thumbnail","6":"product_cat-new-wave-goth-rock-synth-pop-post-punk-en","7":"pa_formaatti-lp-en","8":"pa_kaytetty-uusi-2nd-hand","10":"first","11":"instock","12":"shipping-taxable","13":"purchasable","14":"product-type-simple"},"acf":[],"_links":{"self":[{"href":"https:\/\/freshgarbage.fi\/en\/wp-json\/wp\/v2\/product\/66985","targetHints":{"allow":["GET"]}}],"collection":[{"href":"https:\/\/freshgarbage.fi\/en\/wp-json\/wp\/v2\/product"}],"about":[{"href":"https:\/\/freshgarbage.fi\/en\/wp-json\/wp\/v2\/types\/product"}],"wp:featuredmedia":[{"embeddable":true,"href":"https:\/\/freshgarbage.fi\/en\/wp-json\/wp\/v2\/media\/37883"}],"wp:attachment":[{"href":"https:\/\/freshgarbage.fi\/en\/wp-json\/wp\/v2\/media?parent=66985"}],"wp:term":[{"taxonomy":"product_brand","embeddable":true,"href":"https:\/\/freshgarbage.fi\/en\/wp-json\/wp\/v2\/product_brand?post=66985"},{"taxonomy":"product_cat","embeddable":true,"href":"https:\/\/freshgarbage.fi\/en\/wp-json\/wp\/v2\/product_cat?post=66985"},{"taxonomy":"product_tag","embeddable":true,"href":"https:\/\/freshgarbage.fi\/en\/wp-json\/wp\/v2\/product_tag?post=66985"}],"curies":[{"name":"wp","href":"https:\/\/api.w.org\/{rel}","templated":true}]}}