{"id":66905,"date":"2025-07-21T11:55:49","date_gmt":"2025-07-21T08:55:49","guid":{"rendered":"https:\/\/freshgarbage.fi\/tuote\/modula-alba-tempesta-notturno-a-tropical-journey-ep\/"},"modified":"2025-07-21T11:55:49","modified_gmt":"2025-07-21T08:55:49","slug":"modula-alba-tempesta-notturno-a-tropical-journey-ep","status":"publish","type":"product","link":"https:\/\/freshgarbage.fi\/en\/product\/modula-alba-tempesta-notturno-a-tropical-journey-ep\/","title":{"rendered":"Modula \u2013 Alba &#8211; Tempesta &#8211; Notturno A Tropical Journey EP"},"content":{"rendered":"","protected":false},"excerpt":{"rendered":"<p>Pari pient\u00e4 pr\u00e4ssij\u00e4lke\u00e4, joista toinen &#8220;popsahtaa&#8221; hyvin vaimeasti jokusen kerran.<\/p>\n","protected":false},"featured_media":37480,"template":"","meta":{"_acf_changed":false},"product_brand":[],"product_cat":[126],"product_tag":[],"class_list":{"0":"post-66905","1":"product","2":"type-product","3":"status-publish","4":"has-post-thumbnail","6":"product_cat-experimental-ambient-noise-contemporary-classical","7":"pa_formaatti-lp-en","8":"pa_kaytetty-uusi-2nd-hand","10":"first","11":"instock","12":"shipping-taxable","13":"purchasable","14":"product-type-simple"},"acf":[],"_links":{"self":[{"href":"https:\/\/freshgarbage.fi\/en\/wp-json\/wp\/v2\/product\/66905","targetHints":{"allow":["GET"]}}],"collection":[{"href":"https:\/\/freshgarbage.fi\/en\/wp-json\/wp\/v2\/product"}],"about":[{"href":"https:\/\/freshgarbage.fi\/en\/wp-json\/wp\/v2\/types\/product"}],"wp:featuredmedia":[{"embeddable":true,"href":"https:\/\/freshgarbage.fi\/en\/wp-json\/wp\/v2\/media\/37480"}],"wp:attachment":[{"href":"https:\/\/freshgarbage.fi\/en\/wp-json\/wp\/v2\/media?parent=66905"}],"wp:term":[{"taxonomy":"product_brand","embeddable":true,"href":"https:\/\/freshgarbage.fi\/en\/wp-json\/wp\/v2\/product_brand?post=66905"},{"taxonomy":"product_cat","embeddable":true,"href":"https:\/\/freshgarbage.fi\/en\/wp-json\/wp\/v2\/product_cat?post=66905"},{"taxonomy":"product_tag","embeddable":true,"href":"https:\/\/freshgarbage.fi\/en\/wp-json\/wp\/v2\/product_tag?post=66905"}],"curies":[{"name":"wp","href":"https:\/\/api.w.org\/{rel}","templated":true}]}}