{"id":66809,"date":"2025-07-23T13:00:07","date_gmt":"2025-07-23T10:00:07","guid":{"rendered":"https:\/\/freshgarbage.fi\/tuote\/r-e-m-out-of-time\/"},"modified":"2026-02-25T16:26:11","modified_gmt":"2026-02-25T14:26:11","slug":"r-e-m-out-of-time","status":"publish","type":"product","link":"https:\/\/freshgarbage.fi\/en\/product\/r-e-m-out-of-time\/","title":{"rendered":"R.E.M. \u2013 Out Of Time"},"content":{"rendered":"","protected":false},"excerpt":{"rendered":"<p>Alkuper\u00e4inen Eurooppa-painos.<\/p>\n<p>Levyss\u00e4 suht reippaasti sis\u00e4pussihankaumaa, mutta soi k\u00e4yt\u00e4nn\u00f6ss\u00e4 ongelmitta.<\/p>\n","protected":false},"featured_media":0,"template":"","meta":{"_acf_changed":false},"product_brand":[],"product_cat":[130],"product_tag":[],"class_list":{"0":"post-66809","1":"product","2":"type-product","3":"status-publish","5":"product_cat-alternative-indie-rock","6":"pa_formaatti-lp-en","7":"pa_kaytetty-uusi-2nd-hand","9":"first","10":"outofstock","11":"shipping-taxable","12":"purchasable","13":"product-type-simple"},"acf":[],"_links":{"self":[{"href":"https:\/\/freshgarbage.fi\/en\/wp-json\/wp\/v2\/product\/66809","targetHints":{"allow":["GET"]}}],"collection":[{"href":"https:\/\/freshgarbage.fi\/en\/wp-json\/wp\/v2\/product"}],"about":[{"href":"https:\/\/freshgarbage.fi\/en\/wp-json\/wp\/v2\/types\/product"}],"wp:attachment":[{"href":"https:\/\/freshgarbage.fi\/en\/wp-json\/wp\/v2\/media?parent=66809"}],"wp:term":[{"taxonomy":"product_brand","embeddable":true,"href":"https:\/\/freshgarbage.fi\/en\/wp-json\/wp\/v2\/product_brand?post=66809"},{"taxonomy":"product_cat","embeddable":true,"href":"https:\/\/freshgarbage.fi\/en\/wp-json\/wp\/v2\/product_cat?post=66809"},{"taxonomy":"product_tag","embeddable":true,"href":"https:\/\/freshgarbage.fi\/en\/wp-json\/wp\/v2\/product_tag?post=66809"}],"curies":[{"name":"wp","href":"https:\/\/api.w.org\/{rel}","templated":true}]}}