{"id":66735,"date":"2025-03-22T09:00:42","date_gmt":"2025-03-22T07:00:42","guid":{"rendered":"https:\/\/freshgarbage.fi\/tuote\/rossy-madagaskar\/"},"modified":"2025-03-22T09:00:42","modified_gmt":"2025-03-22T07:00:42","slug":"rossy-madagaskar","status":"publish","type":"product","link":"https:\/\/freshgarbage.fi\/en\/product\/rossy-madagaskar\/","title":{"rendered":"Rossy \u2013 Madagaskar"},"content":{"rendered":"","protected":false},"excerpt":{"rendered":"<p>Pintarepe\u00e4m\u00e4 etukannen oikeassa yl\u00e4kulmassa. Kansi saanut joskus kosteutta ja aaltoilee.<\/p>\n","protected":false},"featured_media":32148,"template":"","meta":{"_acf_changed":false},"product_brand":[],"product_cat":[137],"product_tag":[],"class_list":{"0":"post-66735","1":"product","2":"type-product","3":"status-publish","4":"has-post-thumbnail","6":"product_cat-world-music-traditional-ethnic-en","7":"pa_formaatti-lp-en","8":"pa_kaytetty-uusi-2nd-hand","10":"first","11":"instock","12":"shipping-taxable","13":"purchasable","14":"product-type-simple"},"acf":[],"_links":{"self":[{"href":"https:\/\/freshgarbage.fi\/en\/wp-json\/wp\/v2\/product\/66735","targetHints":{"allow":["GET"]}}],"collection":[{"href":"https:\/\/freshgarbage.fi\/en\/wp-json\/wp\/v2\/product"}],"about":[{"href":"https:\/\/freshgarbage.fi\/en\/wp-json\/wp\/v2\/types\/product"}],"wp:featuredmedia":[{"embeddable":true,"href":"https:\/\/freshgarbage.fi\/en\/wp-json\/wp\/v2\/media\/32148"}],"wp:attachment":[{"href":"https:\/\/freshgarbage.fi\/en\/wp-json\/wp\/v2\/media?parent=66735"}],"wp:term":[{"taxonomy":"product_brand","embeddable":true,"href":"https:\/\/freshgarbage.fi\/en\/wp-json\/wp\/v2\/product_brand?post=66735"},{"taxonomy":"product_cat","embeddable":true,"href":"https:\/\/freshgarbage.fi\/en\/wp-json\/wp\/v2\/product_cat?post=66735"},{"taxonomy":"product_tag","embeddable":true,"href":"https:\/\/freshgarbage.fi\/en\/wp-json\/wp\/v2\/product_tag?post=66735"}],"curies":[{"name":"wp","href":"https:\/\/api.w.org\/{rel}","templated":true}]}}