{"id":66733,"date":"2025-08-06T18:00:24","date_gmt":"2025-08-06T15:00:24","guid":{"rendered":"https:\/\/freshgarbage.fi\/tuote\/the-1975-the-1975-2\/"},"modified":"2026-02-23T16:26:01","modified_gmt":"2026-02-23T14:26:01","slug":"the-1975-the-1975-2","status":"publish","type":"product","link":"https:\/\/freshgarbage.fi\/en\/product\/the-1975-the-1975-2\/","title":{"rendered":"The 1975 \u2013 The 1975"},"content":{"rendered":"","protected":false},"excerpt":{"rendered":"<p>2LP, l\u00e4pin\u00e4kyv\u00e4t levyt.<\/p>\n<p>A1 The 1975 1:19<br \/>\nA2 The City 3:26<br \/>\nA3 M.O.N.E.Y. 3:36<br \/>\nA4 Chocolate 3:44<br \/>\nB1 Sex 3:26<br \/>\nB2 Talk! 2:47<br \/>\nB3 An Encounter 1:14<br \/>\nB4 Heart Out 3:22<br \/>\nC1 Settle Down 3:59<br \/>\nC2 Robbers 4:14<br \/>\nC3 Girls 4:14<br \/>\nC4 12 1:19<br \/>\nD1 She Way Out 3:59<br \/>\nD2 Menswear 3:26<br \/>\nD3 Pressure 3:41<br \/>\nD4 Is There Somebody Who Can Watch You 2:54<\/p>\n","protected":false},"featured_media":38274,"template":"","meta":{"_acf_changed":false},"product_brand":[],"product_cat":[130,107],"product_tag":[],"class_list":{"0":"post-66733","1":"product","2":"type-product","3":"status-publish","4":"has-post-thumbnail","6":"product_cat-alternative-indie-rock","7":"product_cat-new","8":"pa_formaatti-lp-en","9":"pa_kaytetty-uusi-new","11":"first","12":"instock","13":"taxable","14":"shipping-taxable","15":"purchasable","16":"product-type-simple"},"acf":[],"_links":{"self":[{"href":"https:\/\/freshgarbage.fi\/en\/wp-json\/wp\/v2\/product\/66733","targetHints":{"allow":["GET"]}}],"collection":[{"href":"https:\/\/freshgarbage.fi\/en\/wp-json\/wp\/v2\/product"}],"about":[{"href":"https:\/\/freshgarbage.fi\/en\/wp-json\/wp\/v2\/types\/product"}],"wp:featuredmedia":[{"embeddable":true,"href":"https:\/\/freshgarbage.fi\/en\/wp-json\/wp\/v2\/media\/38274"}],"wp:attachment":[{"href":"https:\/\/freshgarbage.fi\/en\/wp-json\/wp\/v2\/media?parent=66733"}],"wp:term":[{"taxonomy":"product_brand","embeddable":true,"href":"https:\/\/freshgarbage.fi\/en\/wp-json\/wp\/v2\/product_brand?post=66733"},{"taxonomy":"product_cat","embeddable":true,"href":"https:\/\/freshgarbage.fi\/en\/wp-json\/wp\/v2\/product_cat?post=66733"},{"taxonomy":"product_tag","embeddable":true,"href":"https:\/\/freshgarbage.fi\/en\/wp-json\/wp\/v2\/product_tag?post=66733"}],"curies":[{"name":"wp","href":"https:\/\/api.w.org\/{rel}","templated":true}]}}