{"id":66643,"date":"2025-09-04T11:44:07","date_gmt":"2025-09-04T08:44:07","guid":{"rendered":"https:\/\/freshgarbage.fi\/tuote\/oscar-brown-jr-brother-where-are-you\/"},"modified":"2025-09-04T11:44:07","modified_gmt":"2025-09-04T08:44:07","slug":"oscar-brown-jr-brother-where-are-you","status":"publish","type":"product","link":"https:\/\/freshgarbage.fi\/en\/product\/oscar-brown-jr-brother-where-are-you\/","title":{"rendered":"Oscar Brown, Jr. \u2013 Brother Where Are You"},"content":{"rendered":"","protected":false},"excerpt":{"rendered":"<p>Alkuper\u00e4inen USA-painos. Pieni cut out -lovi, takakannessa pieni pintarepe\u00e4m\u00e4.<\/p>\n","protected":false},"featured_media":54058,"template":"","meta":{"_acf_changed":false},"product_brand":[],"product_cat":[132],"product_tag":[],"class_list":{"0":"post-66643","1":"product","2":"type-product","3":"status-publish","4":"has-post-thumbnail","6":"product_cat-soul-funk-disco-rnb-en","7":"pa_formaatti-lp-en","8":"pa_kaytetty-uusi-2nd-hand","10":"first","11":"instock","12":"shipping-taxable","13":"purchasable","14":"product-type-simple"},"acf":[],"_links":{"self":[{"href":"https:\/\/freshgarbage.fi\/en\/wp-json\/wp\/v2\/product\/66643","targetHints":{"allow":["GET"]}}],"collection":[{"href":"https:\/\/freshgarbage.fi\/en\/wp-json\/wp\/v2\/product"}],"about":[{"href":"https:\/\/freshgarbage.fi\/en\/wp-json\/wp\/v2\/types\/product"}],"wp:featuredmedia":[{"embeddable":true,"href":"https:\/\/freshgarbage.fi\/en\/wp-json\/wp\/v2\/media\/54058"}],"wp:attachment":[{"href":"https:\/\/freshgarbage.fi\/en\/wp-json\/wp\/v2\/media?parent=66643"}],"wp:term":[{"taxonomy":"product_brand","embeddable":true,"href":"https:\/\/freshgarbage.fi\/en\/wp-json\/wp\/v2\/product_brand?post=66643"},{"taxonomy":"product_cat","embeddable":true,"href":"https:\/\/freshgarbage.fi\/en\/wp-json\/wp\/v2\/product_cat?post=66643"},{"taxonomy":"product_tag","embeddable":true,"href":"https:\/\/freshgarbage.fi\/en\/wp-json\/wp\/v2\/product_tag?post=66643"}],"curies":[{"name":"wp","href":"https:\/\/api.w.org\/{rel}","templated":true}]}}