{"id":66606,"date":"2023-10-25T13:26:06","date_gmt":"2023-10-25T10:26:06","guid":{"rendered":"https:\/\/freshgarbage.fi\/tuote\/mason-harbour\/"},"modified":"2023-10-25T13:26:06","modified_gmt":"2023-10-25T10:26:06","slug":"mason-harbour","status":"publish","type":"product","link":"https:\/\/freshgarbage.fi\/en\/product\/mason-harbour\/","title":{"rendered":"Mason \u2013 Harbour"},"content":{"rendered":"","protected":false},"excerpt":{"rendered":"<ul>\n<li>A2 lopussa ja A3 alussa n\u00e4kyv\u00e4mpi\u00e4 ja tuntuvia lyhyit\u00e4 j\u00e4lki\u00e4, muutama kevyt napsu<\/li>\n<li>Pient\u00e4 tarranpoisto j\u00e4lke\u00e4 etukannen oikeassa yl\u00e4kulmassa<\/li>\n<li>Levyss\u00e4 etiketit v\u00e4\u00e4rill\u00e4 puolilla<\/li>\n<\/ul>\n","protected":false},"featured_media":3847,"template":"","meta":{"_acf_changed":false},"product_brand":[],"product_cat":[131],"product_tag":[],"class_list":{"0":"post-66606","1":"product","2":"type-product","3":"status-publish","4":"has-post-thumbnail","6":"product_cat-60s-70s-psych-rock-garage-rock-en","7":"pa_formaatti-lp-en","8":"pa_kaytetty-uusi-2nd-hand","10":"first","11":"instock","12":"sale","13":"shipping-taxable","14":"purchasable","15":"product-type-simple"},"acf":[],"_links":{"self":[{"href":"https:\/\/freshgarbage.fi\/en\/wp-json\/wp\/v2\/product\/66606","targetHints":{"allow":["GET"]}}],"collection":[{"href":"https:\/\/freshgarbage.fi\/en\/wp-json\/wp\/v2\/product"}],"about":[{"href":"https:\/\/freshgarbage.fi\/en\/wp-json\/wp\/v2\/types\/product"}],"wp:featuredmedia":[{"embeddable":true,"href":"https:\/\/freshgarbage.fi\/en\/wp-json\/wp\/v2\/media\/3847"}],"wp:attachment":[{"href":"https:\/\/freshgarbage.fi\/en\/wp-json\/wp\/v2\/media?parent=66606"}],"wp:term":[{"taxonomy":"product_brand","embeddable":true,"href":"https:\/\/freshgarbage.fi\/en\/wp-json\/wp\/v2\/product_brand?post=66606"},{"taxonomy":"product_cat","embeddable":true,"href":"https:\/\/freshgarbage.fi\/en\/wp-json\/wp\/v2\/product_cat?post=66606"},{"taxonomy":"product_tag","embeddable":true,"href":"https:\/\/freshgarbage.fi\/en\/wp-json\/wp\/v2\/product_tag?post=66606"}],"curies":[{"name":"wp","href":"https:\/\/api.w.org\/{rel}","templated":true}]}}