{"id":66573,"date":"2023-11-06T10:11:54","date_gmt":"2023-11-06T08:11:54","guid":{"rendered":"https:\/\/freshgarbage.fi\/tuote\/bronx-cheer-bronx-cheers-greatest-hits-volume-three\/"},"modified":"2023-11-06T10:11:54","modified_gmt":"2023-11-06T08:11:54","slug":"bronx-cheer-bronx-cheers-greatest-hits-volume-three","status":"publish","type":"product","link":"https:\/\/freshgarbage.fi\/en\/product\/bronx-cheer-bronx-cheers-greatest-hits-volume-three\/","title":{"rendered":"Bronx Cheer \u2013 Bronx Cheer&#8217;s Greatest Hits Volume Three"},"content":{"rendered":"","protected":false},"excerpt":{"rendered":"<p>Repe\u00e4m\u00e4\u00e4 etukannen oikeassa yl\u00e4kulmassa<\/p>\n","protected":false},"featured_media":4780,"template":"","meta":{"_acf_changed":false},"product_brand":[],"product_cat":[131],"product_tag":[],"class_list":{"0":"post-66573","1":"product","2":"type-product","3":"status-publish","4":"has-post-thumbnail","6":"product_cat-60s-70s-psych-rock-garage-rock-en","7":"pa_formaatti-lp-en","8":"pa_kaytetty-uusi-2nd-hand","10":"first","11":"instock","12":"shipping-taxable","13":"purchasable","14":"product-type-simple"},"acf":[],"_links":{"self":[{"href":"https:\/\/freshgarbage.fi\/en\/wp-json\/wp\/v2\/product\/66573","targetHints":{"allow":["GET"]}}],"collection":[{"href":"https:\/\/freshgarbage.fi\/en\/wp-json\/wp\/v2\/product"}],"about":[{"href":"https:\/\/freshgarbage.fi\/en\/wp-json\/wp\/v2\/types\/product"}],"wp:featuredmedia":[{"embeddable":true,"href":"https:\/\/freshgarbage.fi\/en\/wp-json\/wp\/v2\/media\/4780"}],"wp:attachment":[{"href":"https:\/\/freshgarbage.fi\/en\/wp-json\/wp\/v2\/media?parent=66573"}],"wp:term":[{"taxonomy":"product_brand","embeddable":true,"href":"https:\/\/freshgarbage.fi\/en\/wp-json\/wp\/v2\/product_brand?post=66573"},{"taxonomy":"product_cat","embeddable":true,"href":"https:\/\/freshgarbage.fi\/en\/wp-json\/wp\/v2\/product_cat?post=66573"},{"taxonomy":"product_tag","embeddable":true,"href":"https:\/\/freshgarbage.fi\/en\/wp-json\/wp\/v2\/product_tag?post=66573"}],"curies":[{"name":"wp","href":"https:\/\/api.w.org\/{rel}","templated":true}]}}