{"id":66554,"date":"2023-11-21T13:00:25","date_gmt":"2023-11-21T11:00:25","guid":{"rendered":"https:\/\/freshgarbage.fi\/tuote\/liverpool-scene-st-adrian-co-broadway-and-3rd\/"},"modified":"2023-11-21T13:00:25","modified_gmt":"2023-11-21T11:00:25","slug":"liverpool-scene-st-adrian-co-broadway-and-3rd","status":"publish","type":"product","link":"https:\/\/freshgarbage.fi\/en\/product\/liverpool-scene-st-adrian-co-broadway-and-3rd\/","title":{"rendered":"Liverpool Scene \u2013 St. Adrian Co. Broadway And 3rd"},"content":{"rendered":"","protected":false},"excerpt":{"rendered":"<ul>\n<li>Kannessa taitosta ja nuhjuisuutta sek\u00e4 yht\u00e4 kulmaa vahvistettu teipill\u00e4<\/li>\n<li>Liite taitettu keskelt\u00e4, muitakin taitoksia ja nuhjuisuutta<\/li>\n<\/ul>\n","protected":false},"featured_media":5870,"template":"","meta":{"_acf_changed":false},"product_brand":[],"product_cat":[131],"product_tag":[],"class_list":{"0":"post-66554","1":"product","2":"type-product","3":"status-publish","4":"has-post-thumbnail","6":"product_cat-60s-70s-psych-rock-garage-rock-en","7":"pa_formaatti-lp-en","8":"pa_kaytetty-uusi-2nd-hand","10":"first","11":"instock","12":"shipping-taxable","13":"purchasable","14":"product-type-simple"},"acf":[],"_links":{"self":[{"href":"https:\/\/freshgarbage.fi\/en\/wp-json\/wp\/v2\/product\/66554","targetHints":{"allow":["GET"]}}],"collection":[{"href":"https:\/\/freshgarbage.fi\/en\/wp-json\/wp\/v2\/product"}],"about":[{"href":"https:\/\/freshgarbage.fi\/en\/wp-json\/wp\/v2\/types\/product"}],"wp:featuredmedia":[{"embeddable":true,"href":"https:\/\/freshgarbage.fi\/en\/wp-json\/wp\/v2\/media\/5870"}],"wp:attachment":[{"href":"https:\/\/freshgarbage.fi\/en\/wp-json\/wp\/v2\/media?parent=66554"}],"wp:term":[{"taxonomy":"product_brand","embeddable":true,"href":"https:\/\/freshgarbage.fi\/en\/wp-json\/wp\/v2\/product_brand?post=66554"},{"taxonomy":"product_cat","embeddable":true,"href":"https:\/\/freshgarbage.fi\/en\/wp-json\/wp\/v2\/product_cat?post=66554"},{"taxonomy":"product_tag","embeddable":true,"href":"https:\/\/freshgarbage.fi\/en\/wp-json\/wp\/v2\/product_tag?post=66554"}],"curies":[{"name":"wp","href":"https:\/\/api.w.org\/{rel}","templated":true}]}}