{"id":66528,"date":"2026-02-03T11:46:30","date_gmt":"2026-02-03T09:46:30","guid":{"rendered":"https:\/\/freshgarbage.fi\/tuote\/nuclear-assault-handle-with-care\/"},"modified":"2026-02-06T14:59:58","modified_gmt":"2026-02-06T12:59:58","slug":"nuclear-assault-handle-with-care","status":"publish","type":"product","link":"https:\/\/freshgarbage.fi\/en\/product\/nuclear-assault-handle-with-care\/","title":{"rendered":"Nuclear Assault \u2013 Handle With Care"},"content":{"rendered":"","protected":false},"excerpt":{"rendered":"<p>Alkuper\u00e4inen UK-painos.<\/p>\n<p>Vain hyvin kevytt\u00e4 pintaj\u00e4lke\u00e4, soi EX-. Alkuper\u00e4inen sis\u00e4pussi tallessa.<\/p>\n","protected":false},"featured_media":81268,"template":"","meta":{"_acf_changed":false},"product_brand":[],"product_cat":[118],"product_tag":[],"class_list":{"0":"post-66528","1":"product","2":"type-product","3":"status-publish","4":"has-post-thumbnail","6":"product_cat-metal-en","7":"pa_formaatti-lp-en","8":"pa_kaytetty-uusi-2nd-hand","10":"first","11":"instock","12":"shipping-taxable","13":"purchasable","14":"product-type-simple"},"acf":[],"_links":{"self":[{"href":"https:\/\/freshgarbage.fi\/en\/wp-json\/wp\/v2\/product\/66528","targetHints":{"allow":["GET"]}}],"collection":[{"href":"https:\/\/freshgarbage.fi\/en\/wp-json\/wp\/v2\/product"}],"about":[{"href":"https:\/\/freshgarbage.fi\/en\/wp-json\/wp\/v2\/types\/product"}],"wp:featuredmedia":[{"embeddable":true,"href":"https:\/\/freshgarbage.fi\/en\/wp-json\/wp\/v2\/media\/81268"}],"wp:attachment":[{"href":"https:\/\/freshgarbage.fi\/en\/wp-json\/wp\/v2\/media?parent=66528"}],"wp:term":[{"taxonomy":"product_brand","embeddable":true,"href":"https:\/\/freshgarbage.fi\/en\/wp-json\/wp\/v2\/product_brand?post=66528"},{"taxonomy":"product_cat","embeddable":true,"href":"https:\/\/freshgarbage.fi\/en\/wp-json\/wp\/v2\/product_cat?post=66528"},{"taxonomy":"product_tag","embeddable":true,"href":"https:\/\/freshgarbage.fi\/en\/wp-json\/wp\/v2\/product_tag?post=66528"}],"curies":[{"name":"wp","href":"https:\/\/api.w.org\/{rel}","templated":true}]}}