{"id":66434,"date":"2025-12-15T11:45:44","date_gmt":"2025-12-15T09:45:44","guid":{"rendered":"https:\/\/freshgarbage.fi\/tuote\/the-beatles-something-new-2\/"},"modified":"2025-12-15T11:45:44","modified_gmt":"2025-12-15T09:45:44","slug":"the-beatles-something-new-2","status":"publish","type":"product","link":"https:\/\/freshgarbage.fi\/en\/product\/the-beatles-something-new-2\/","title":{"rendered":"The Beatles \u2013 Something New"},"content":{"rendered":"","protected":false},"excerpt":{"rendered":"<p>Harvinainen alkuper\u00e4inen Saksa-monopainos.<\/p>\n<p>Levyss\u00e4 hyvin paljon j\u00e4lke\u00e4, mutta soi eritt\u00e4in miellytt\u00e4v\u00e4sti ilman suurempia ongelmia. Hieman kevytt\u00e4 taustaripsett\u00e4. Kannen alasaumassa ollut teippaus, josta teipinj\u00e4\u00e4nteit\u00e4 viel\u00e4 etukannen puolella. Takakannen alalaidasta l\u00e4htenyt hieman pintaa teipin mukana, mutta asiaa on vaikea edes huomata.<\/p>\n","protected":false},"featured_media":61803,"template":"","meta":{"_acf_changed":false},"product_brand":[],"product_cat":[116],"product_tag":[],"class_list":{"0":"post-66434","1":"product","2":"type-product","3":"status-publish","4":"has-post-thumbnail","6":"product_cat-rock-pop-en","7":"pa_formaatti-lp-en","8":"pa_kaytetty-uusi-2nd-hand","10":"first","11":"instock","12":"shipping-taxable","13":"purchasable","14":"product-type-simple"},"acf":[],"_links":{"self":[{"href":"https:\/\/freshgarbage.fi\/en\/wp-json\/wp\/v2\/product\/66434","targetHints":{"allow":["GET"]}}],"collection":[{"href":"https:\/\/freshgarbage.fi\/en\/wp-json\/wp\/v2\/product"}],"about":[{"href":"https:\/\/freshgarbage.fi\/en\/wp-json\/wp\/v2\/types\/product"}],"wp:featuredmedia":[{"embeddable":true,"href":"https:\/\/freshgarbage.fi\/en\/wp-json\/wp\/v2\/media\/61803"}],"wp:attachment":[{"href":"https:\/\/freshgarbage.fi\/en\/wp-json\/wp\/v2\/media?parent=66434"}],"wp:term":[{"taxonomy":"product_brand","embeddable":true,"href":"https:\/\/freshgarbage.fi\/en\/wp-json\/wp\/v2\/product_brand?post=66434"},{"taxonomy":"product_cat","embeddable":true,"href":"https:\/\/freshgarbage.fi\/en\/wp-json\/wp\/v2\/product_cat?post=66434"},{"taxonomy":"product_tag","embeddable":true,"href":"https:\/\/freshgarbage.fi\/en\/wp-json\/wp\/v2\/product_tag?post=66434"}],"curies":[{"name":"wp","href":"https:\/\/api.w.org\/{rel}","templated":true}]}}