{"id":66372,"date":"2025-09-02T11:45:06","date_gmt":"2025-09-02T08:45:06","guid":{"rendered":"https:\/\/freshgarbage.fi\/tuote\/wigwam-live-at-toolonranta-1975\/"},"modified":"2025-09-02T11:45:06","modified_gmt":"2025-09-02T08:45:06","slug":"wigwam-live-at-toolonranta-1975","status":"publish","type":"product","link":"https:\/\/freshgarbage.fi\/en\/product\/wigwam-live-at-toolonranta-1975\/","title":{"rendered":"Wigwam \u2013 Live At T\u00f6\u00f6l\u00f6nranta 1975"},"content":{"rendered":"","protected":false},"excerpt":{"rendered":"<p>Indie exclusive blue vinyl.<br \/>\nRecorded live at the T\u00f6\u00f6l\u00f6nrannan kes\u00e4teatteri, Helsinki, Finland on 18th June, 1975 by Yle<\/p>\n","protected":false},"featured_media":53701,"template":"","meta":{"_acf_changed":false},"product_brand":[],"product_cat":[120,113],"product_tag":[],"class_list":{"0":"post-66372","1":"product","2":"type-product","3":"status-publish","4":"has-post-thumbnail","6":"product_cat-finnish","7":"product_cat-progressive-rock-krautrock-en","8":"pa_formaatti-lp-en","9":"pa_kaytetty-uusi-2nd-hand","11":"first","12":"instock","13":"shipping-taxable","14":"purchasable","15":"product-type-simple"},"acf":[],"_links":{"self":[{"href":"https:\/\/freshgarbage.fi\/en\/wp-json\/wp\/v2\/product\/66372","targetHints":{"allow":["GET"]}}],"collection":[{"href":"https:\/\/freshgarbage.fi\/en\/wp-json\/wp\/v2\/product"}],"about":[{"href":"https:\/\/freshgarbage.fi\/en\/wp-json\/wp\/v2\/types\/product"}],"wp:featuredmedia":[{"embeddable":true,"href":"https:\/\/freshgarbage.fi\/en\/wp-json\/wp\/v2\/media\/53701"}],"wp:attachment":[{"href":"https:\/\/freshgarbage.fi\/en\/wp-json\/wp\/v2\/media?parent=66372"}],"wp:term":[{"taxonomy":"product_brand","embeddable":true,"href":"https:\/\/freshgarbage.fi\/en\/wp-json\/wp\/v2\/product_brand?post=66372"},{"taxonomy":"product_cat","embeddable":true,"href":"https:\/\/freshgarbage.fi\/en\/wp-json\/wp\/v2\/product_cat?post=66372"},{"taxonomy":"product_tag","embeddable":true,"href":"https:\/\/freshgarbage.fi\/en\/wp-json\/wp\/v2\/product_tag?post=66372"}],"curies":[{"name":"wp","href":"https:\/\/api.w.org\/{rel}","templated":true}]}}