{"id":66354,"date":"2025-10-07T11:55:03","date_gmt":"2025-10-07T08:55:03","guid":{"rendered":"https:\/\/freshgarbage.fi\/tuote\/phunky-mr-olavi-elamaa-etelapuolella\/"},"modified":"2025-10-07T11:55:03","modified_gmt":"2025-10-07T08:55:03","slug":"phunky-mr-olavi-elamaa-etelapuolella","status":"publish","type":"product","link":"https:\/\/freshgarbage.fi\/en\/product\/phunky-mr-olavi-elamaa-etelapuolella\/","title":{"rendered":"Phunky Mr. Olavi \u2013 El\u00e4m\u00e4\u00e4 Etel\u00e4puolella"},"content":{"rendered":"","protected":false},"excerpt":{"rendered":"<p>Alkuper\u00e4inen ja ainoa painos.<\/p>\n<p>Yl\u00e4saumassa halkeama, mutta ei ole puhki.<\/p>\n","protected":false},"featured_media":56484,"template":"","meta":{"_acf_changed":false},"product_brand":[],"product_cat":[120,123,132],"product_tag":[],"class_list":{"0":"post-66354","1":"product","2":"type-product","3":"status-publish","4":"has-post-thumbnail","6":"product_cat-finnish","7":"product_cat-hip-hop-rap-en","8":"product_cat-soul-funk-disco-rnb-en","9":"pa_formaatti-lp-en","10":"pa_kaytetty-uusi-2nd-hand","12":"first","13":"instock","14":"shipping-taxable","15":"purchasable","16":"product-type-simple"},"acf":[],"_links":{"self":[{"href":"https:\/\/freshgarbage.fi\/en\/wp-json\/wp\/v2\/product\/66354","targetHints":{"allow":["GET"]}}],"collection":[{"href":"https:\/\/freshgarbage.fi\/en\/wp-json\/wp\/v2\/product"}],"about":[{"href":"https:\/\/freshgarbage.fi\/en\/wp-json\/wp\/v2\/types\/product"}],"wp:featuredmedia":[{"embeddable":true,"href":"https:\/\/freshgarbage.fi\/en\/wp-json\/wp\/v2\/media\/56484"}],"wp:attachment":[{"href":"https:\/\/freshgarbage.fi\/en\/wp-json\/wp\/v2\/media?parent=66354"}],"wp:term":[{"taxonomy":"product_brand","embeddable":true,"href":"https:\/\/freshgarbage.fi\/en\/wp-json\/wp\/v2\/product_brand?post=66354"},{"taxonomy":"product_cat","embeddable":true,"href":"https:\/\/freshgarbage.fi\/en\/wp-json\/wp\/v2\/product_cat?post=66354"},{"taxonomy":"product_tag","embeddable":true,"href":"https:\/\/freshgarbage.fi\/en\/wp-json\/wp\/v2\/product_tag?post=66354"}],"curies":[{"name":"wp","href":"https:\/\/api.w.org\/{rel}","templated":true}]}}