{"id":66301,"date":"2025-12-19T11:45:28","date_gmt":"2025-12-19T09:45:28","guid":{"rendered":"https:\/\/freshgarbage.fi\/tuote\/small-faces-there-are-but-four-small-faces-2\/"},"modified":"2025-12-19T11:45:28","modified_gmt":"2025-12-19T09:45:28","slug":"small-faces-there-are-but-four-small-faces-2","status":"publish","type":"product","link":"https:\/\/freshgarbage.fi\/en\/product\/small-faces-there-are-but-four-small-faces-2\/","title":{"rendered":"Small Faces \u2013 There Are But Four Small Faces"},"content":{"rendered":"","protected":false},"excerpt":{"rendered":"<p>Alkuper\u00e4inen USA-painos. Levyll\u00e4 kappaleita ensimm\u00e4iselt\u00e4 UK-albumilta sek\u00e4 kappaleita single-julkaisuilta.<\/p>\n<p>Jokunen hento j\u00e4lki, soi hienosti. Etiketiss\u00e4 nimi kuulakyn\u00e4ll\u00e4. Etukannessa my\u00f6s nimi, muuten varsin siisti kansi.<\/p>\n","protected":false},"featured_media":62285,"template":"","meta":{"_acf_changed":false},"product_brand":[],"product_cat":[116],"product_tag":[],"class_list":{"0":"post-66301","1":"product","2":"type-product","3":"status-publish","4":"has-post-thumbnail","6":"product_cat-rock-pop-en","7":"pa_formaatti-lp-en","8":"pa_kaytetty-uusi-2nd-hand","10":"first","11":"instock","12":"shipping-taxable","13":"purchasable","14":"product-type-simple"},"acf":[],"_links":{"self":[{"href":"https:\/\/freshgarbage.fi\/en\/wp-json\/wp\/v2\/product\/66301","targetHints":{"allow":["GET"]}}],"collection":[{"href":"https:\/\/freshgarbage.fi\/en\/wp-json\/wp\/v2\/product"}],"about":[{"href":"https:\/\/freshgarbage.fi\/en\/wp-json\/wp\/v2\/types\/product"}],"wp:featuredmedia":[{"embeddable":true,"href":"https:\/\/freshgarbage.fi\/en\/wp-json\/wp\/v2\/media\/62285"}],"wp:attachment":[{"href":"https:\/\/freshgarbage.fi\/en\/wp-json\/wp\/v2\/media?parent=66301"}],"wp:term":[{"taxonomy":"product_brand","embeddable":true,"href":"https:\/\/freshgarbage.fi\/en\/wp-json\/wp\/v2\/product_brand?post=66301"},{"taxonomy":"product_cat","embeddable":true,"href":"https:\/\/freshgarbage.fi\/en\/wp-json\/wp\/v2\/product_cat?post=66301"},{"taxonomy":"product_tag","embeddable":true,"href":"https:\/\/freshgarbage.fi\/en\/wp-json\/wp\/v2\/product_tag?post=66301"}],"curies":[{"name":"wp","href":"https:\/\/api.w.org\/{rel}","templated":true}]}}