{"id":66274,"date":"2025-12-19T11:45:46","date_gmt":"2025-12-19T09:45:46","guid":{"rendered":"https:\/\/freshgarbage.fi\/tuote\/the-beach-boys-the-beach-boys-rarities\/"},"modified":"2025-12-19T11:45:46","modified_gmt":"2025-12-19T09:45:46","slug":"the-beach-boys-the-beach-boys-rarities","status":"publish","type":"product","link":"https:\/\/freshgarbage.fi\/en\/product\/the-beach-boys-the-beach-boys-rarities\/","title":{"rendered":"The Beach Boys \u2013 The Beach Boys Rarities"},"content":{"rendered":"","protected":false},"excerpt":{"rendered":"<p>Hieman reilummin kevytt\u00e4 j\u00e4lke\u00e4, soi hienosti.<\/p>\n<p>A1 With A Little Help From My Friends 2:22<br \/>\nA2 The Letter 1:47<br \/>\nA3 I Was Made To Love Her 2:34<br \/>\nA4 You&#8217;re Welcome 1:06<br \/>\nA5 The Lord&#8217;s Prayer 2:31<br \/>\nA6 Bluebirds Over The Mountain 2:49<br \/>\nA7 Celebrate The News 3:03<br \/>\nB1 Good Vibrations 3:33<br \/>\nB2 Land Ahoy 1:42<br \/>\nB3 In My Room (German Version) 2:15<br \/>\nB4 Cotton Fields 3:00<br \/>\nB5 All I Want To Do 2:30<br \/>\nB6 Auld Lang Syne 1:11<\/p>\n","protected":false},"featured_media":62267,"template":"","meta":{"_acf_changed":false},"product_brand":[],"product_cat":[116],"product_tag":[],"class_list":{"0":"post-66274","1":"product","2":"type-product","3":"status-publish","4":"has-post-thumbnail","6":"product_cat-rock-pop-en","7":"pa_formaatti-lp-en","8":"pa_kaytetty-uusi-2nd-hand","10":"first","11":"instock","12":"shipping-taxable","13":"purchasable","14":"product-type-simple"},"acf":[],"_links":{"self":[{"href":"https:\/\/freshgarbage.fi\/en\/wp-json\/wp\/v2\/product\/66274","targetHints":{"allow":["GET"]}}],"collection":[{"href":"https:\/\/freshgarbage.fi\/en\/wp-json\/wp\/v2\/product"}],"about":[{"href":"https:\/\/freshgarbage.fi\/en\/wp-json\/wp\/v2\/types\/product"}],"wp:featuredmedia":[{"embeddable":true,"href":"https:\/\/freshgarbage.fi\/en\/wp-json\/wp\/v2\/media\/62267"}],"wp:attachment":[{"href":"https:\/\/freshgarbage.fi\/en\/wp-json\/wp\/v2\/media?parent=66274"}],"wp:term":[{"taxonomy":"product_brand","embeddable":true,"href":"https:\/\/freshgarbage.fi\/en\/wp-json\/wp\/v2\/product_brand?post=66274"},{"taxonomy":"product_cat","embeddable":true,"href":"https:\/\/freshgarbage.fi\/en\/wp-json\/wp\/v2\/product_cat?post=66274"},{"taxonomy":"product_tag","embeddable":true,"href":"https:\/\/freshgarbage.fi\/en\/wp-json\/wp\/v2\/product_tag?post=66274"}],"curies":[{"name":"wp","href":"https:\/\/api.w.org\/{rel}","templated":true}]}}