{"id":66257,"date":"2025-10-14T11:50:09","date_gmt":"2025-10-14T08:50:09","guid":{"rendered":"https:\/\/freshgarbage.fi\/tuote\/pink-floyd-the-best-of-the-pink-floyd\/"},"modified":"2025-10-14T11:50:09","modified_gmt":"2025-10-14T08:50:09","slug":"pink-floyd-the-best-of-the-pink-floyd","status":"publish","type":"product","link":"https:\/\/freshgarbage.fi\/en\/product\/pink-floyd-the-best-of-the-pink-floyd\/","title":{"rendered":"Pink Floyd \u2013 The Best Of The Pink Floyd"},"content":{"rendered":"","protected":false},"excerpt":{"rendered":"<p>Tanska-painos 70-luvun alusta. Hieman reunakulumaa ja nuhruisuutta. Levyss\u00e4 hieman kevytt\u00e4 j\u00e4lke\u00e4, varsin vaimeaa ajoittaista tausta\u00e4\u00e4nt\u00e4 saattaa kuulua.<\/p>\n<p>A1 Chapter 24 3:36<br \/>\nA2 Mathilda Mother 3:03<br \/>\nA3 Arnold Layne 2:51<br \/>\nA4 Candy And A Currant Bun 2:38<br \/>\nA5 The Scarecrow 2:07<br \/>\nB1 Apples And Oranges 3:01<br \/>\nB2 It Would Be So Nice 3:39<br \/>\nB3 Paint Box 3:27<br \/>\nB4 Julia Dream 2:28<br \/>\nB5 See Emily Play 2:50<\/p>\n","protected":false},"featured_media":56858,"template":"","meta":{"_acf_changed":false},"product_brand":[],"product_cat":[113],"product_tag":[],"class_list":{"0":"post-66257","1":"product","2":"type-product","3":"status-publish","4":"has-post-thumbnail","6":"product_cat-progressive-rock-krautrock-en","7":"pa_formaatti-lp-en","8":"pa_kaytetty-uusi-2nd-hand","10":"first","11":"instock","12":"shipping-taxable","13":"purchasable","14":"product-type-simple"},"acf":[],"_links":{"self":[{"href":"https:\/\/freshgarbage.fi\/en\/wp-json\/wp\/v2\/product\/66257","targetHints":{"allow":["GET"]}}],"collection":[{"href":"https:\/\/freshgarbage.fi\/en\/wp-json\/wp\/v2\/product"}],"about":[{"href":"https:\/\/freshgarbage.fi\/en\/wp-json\/wp\/v2\/types\/product"}],"wp:featuredmedia":[{"embeddable":true,"href":"https:\/\/freshgarbage.fi\/en\/wp-json\/wp\/v2\/media\/56858"}],"wp:attachment":[{"href":"https:\/\/freshgarbage.fi\/en\/wp-json\/wp\/v2\/media?parent=66257"}],"wp:term":[{"taxonomy":"product_brand","embeddable":true,"href":"https:\/\/freshgarbage.fi\/en\/wp-json\/wp\/v2\/product_brand?post=66257"},{"taxonomy":"product_cat","embeddable":true,"href":"https:\/\/freshgarbage.fi\/en\/wp-json\/wp\/v2\/product_cat?post=66257"},{"taxonomy":"product_tag","embeddable":true,"href":"https:\/\/freshgarbage.fi\/en\/wp-json\/wp\/v2\/product_tag?post=66257"}],"curies":[{"name":"wp","href":"https:\/\/api.w.org\/{rel}","templated":true}]}}