{"id":66243,"date":"2026-03-13T13:28:47","date_gmt":"2026-03-13T11:28:47","guid":{"rendered":"https:\/\/freshgarbage.fi\/tuote\/maustetytot-itken-jos-mua-huvittaa\/"},"modified":"2026-04-04T13:41:06","modified_gmt":"2026-04-04T10:41:06","slug":"maustetytot-itken-jos-mua-huvittaa","status":"publish","type":"product","link":"https:\/\/freshgarbage.fi\/en\/product\/maustetytot-itken-jos-mua-huvittaa\/","title":{"rendered":"Maustetyt\u00f6t \u2013 Itken jos mua huvittaa"},"content":{"rendered":"","protected":false},"excerpt":{"rendered":"<p>Hopeanv\u00e4rinen levy.<\/p>\n<p>A<br \/>\n1. Oslo Helsinki Berliini Kokkola<br \/>\n2. Hapentuhlaaja<br \/>\n3. Ent\u00e4 jos en p\u00e4rj\u00e4\u00e4k\u00e4\u00e4n<br \/>\n4. Luiden p\u00e4\u00e4ll\u00e4 vihaa<br \/>\n5. Mit\u00e4 sitten teen?<\/p>\n<p>B<br \/>\n1. Itken jos mua huvittaa<br \/>\n2. Sadan vuoden yksin\u00e4isyys<br \/>\n3. Rotankolo<br \/>\n4. Kuolema l\u00e4hestyy<br \/>\n5. Styroksi<\/p>\n","protected":false},"featured_media":83585,"template":"","meta":{"_acf_changed":false},"product_brand":[],"product_cat":[120,107],"product_tag":[],"class_list":{"0":"post-66243","1":"product","2":"type-product","3":"status-publish","4":"has-post-thumbnail","6":"product_cat-finnish","7":"product_cat-new","8":"pa_formaatti-lp-en","9":"pa_kaytetty-uusi-new","11":"first","12":"instock","13":"taxable","14":"shipping-taxable","15":"purchasable","16":"product-type-simple"},"acf":[],"_links":{"self":[{"href":"https:\/\/freshgarbage.fi\/en\/wp-json\/wp\/v2\/product\/66243","targetHints":{"allow":["GET"]}}],"collection":[{"href":"https:\/\/freshgarbage.fi\/en\/wp-json\/wp\/v2\/product"}],"about":[{"href":"https:\/\/freshgarbage.fi\/en\/wp-json\/wp\/v2\/types\/product"}],"wp:featuredmedia":[{"embeddable":true,"href":"https:\/\/freshgarbage.fi\/en\/wp-json\/wp\/v2\/media\/83585"}],"wp:attachment":[{"href":"https:\/\/freshgarbage.fi\/en\/wp-json\/wp\/v2\/media?parent=66243"}],"wp:term":[{"taxonomy":"product_brand","embeddable":true,"href":"https:\/\/freshgarbage.fi\/en\/wp-json\/wp\/v2\/product_brand?post=66243"},{"taxonomy":"product_cat","embeddable":true,"href":"https:\/\/freshgarbage.fi\/en\/wp-json\/wp\/v2\/product_cat?post=66243"},{"taxonomy":"product_tag","embeddable":true,"href":"https:\/\/freshgarbage.fi\/en\/wp-json\/wp\/v2\/product_tag?post=66243"}],"curies":[{"name":"wp","href":"https:\/\/api.w.org\/{rel}","templated":true}]}}