{"id":66213,"date":"2025-10-17T11:19:26","date_gmt":"2025-10-17T08:19:26","guid":{"rendered":"https:\/\/freshgarbage.fi\/tuote\/frank-zappa-waka-jawaka-hot-rats\/"},"modified":"2025-10-17T11:19:26","modified_gmt":"2025-10-17T08:19:26","slug":"frank-zappa-waka-jawaka-hot-rats","status":"publish","type":"product","link":"https:\/\/freshgarbage.fi\/en\/product\/frank-zappa-waka-jawaka-hot-rats\/","title":{"rendered":"Frank Zappa \u2013 Waka \/ Jawaka &#8211; Hot Rats"},"content":{"rendered":"","protected":false},"excerpt":{"rendered":"<p>Alkuper\u00e4inen US-painos.<\/p>\n<p>Kannessa kevytt\u00e4 kulumaa ja pieni hintalapun j\u00e4tt\u00e4m\u00e4 pintarepe\u00e4m\u00e4.<\/p>\n","protected":false},"featured_media":57267,"template":"","meta":{"_acf_changed":false},"product_brand":[],"product_cat":[113],"product_tag":[],"class_list":{"0":"post-66213","1":"product","2":"type-product","3":"status-publish","4":"has-post-thumbnail","6":"product_cat-progressive-rock-krautrock-en","7":"pa_formaatti-lp-en","8":"pa_kaytetty-uusi-2nd-hand","10":"first","11":"instock","12":"shipping-taxable","13":"purchasable","14":"product-type-simple"},"acf":[],"_links":{"self":[{"href":"https:\/\/freshgarbage.fi\/en\/wp-json\/wp\/v2\/product\/66213","targetHints":{"allow":["GET"]}}],"collection":[{"href":"https:\/\/freshgarbage.fi\/en\/wp-json\/wp\/v2\/product"}],"about":[{"href":"https:\/\/freshgarbage.fi\/en\/wp-json\/wp\/v2\/types\/product"}],"wp:featuredmedia":[{"embeddable":true,"href":"https:\/\/freshgarbage.fi\/en\/wp-json\/wp\/v2\/media\/57267"}],"wp:attachment":[{"href":"https:\/\/freshgarbage.fi\/en\/wp-json\/wp\/v2\/media?parent=66213"}],"wp:term":[{"taxonomy":"product_brand","embeddable":true,"href":"https:\/\/freshgarbage.fi\/en\/wp-json\/wp\/v2\/product_brand?post=66213"},{"taxonomy":"product_cat","embeddable":true,"href":"https:\/\/freshgarbage.fi\/en\/wp-json\/wp\/v2\/product_cat?post=66213"},{"taxonomy":"product_tag","embeddable":true,"href":"https:\/\/freshgarbage.fi\/en\/wp-json\/wp\/v2\/product_tag?post=66213"}],"curies":[{"name":"wp","href":"https:\/\/api.w.org\/{rel}","templated":true}]}}