{"id":66186,"date":"2025-10-21T11:45:37","date_gmt":"2025-10-21T08:45:37","guid":{"rendered":"https:\/\/freshgarbage.fi\/tuote\/ray-owens-moon-moon\/"},"modified":"2025-10-21T11:45:37","modified_gmt":"2025-10-21T08:45:37","slug":"ray-owens-moon-moon","status":"publish","type":"product","link":"https:\/\/freshgarbage.fi\/en\/product\/ray-owens-moon-moon\/","title":{"rendered":"Ray Owen&#8217;s Moon \u2013 Moon"},"content":{"rendered":"","protected":false},"excerpt":{"rendered":"<p>Alkuper\u00e4inen UK-painos. Kansi ehj\u00e4, mutta parissa kohtaa pintarepe\u00e4mi\u00e4 tms. v\u00e4ritetty suht siististi mustalla tussilla. Levy varsin siisti.<\/p>\n","protected":false},"featured_media":57400,"template":"","meta":{"_acf_changed":false},"product_brand":[],"product_cat":[113,116],"product_tag":[],"class_list":{"0":"post-66186","1":"product","2":"type-product","3":"status-publish","4":"has-post-thumbnail","6":"product_cat-progressive-rock-krautrock-en","7":"product_cat-rock-pop-en","8":"pa_formaatti-lp-en","9":"pa_kaytetty-uusi-2nd-hand","11":"first","12":"instock","13":"shipping-taxable","14":"purchasable","15":"product-type-simple"},"acf":[],"_links":{"self":[{"href":"https:\/\/freshgarbage.fi\/en\/wp-json\/wp\/v2\/product\/66186","targetHints":{"allow":["GET"]}}],"collection":[{"href":"https:\/\/freshgarbage.fi\/en\/wp-json\/wp\/v2\/product"}],"about":[{"href":"https:\/\/freshgarbage.fi\/en\/wp-json\/wp\/v2\/types\/product"}],"wp:featuredmedia":[{"embeddable":true,"href":"https:\/\/freshgarbage.fi\/en\/wp-json\/wp\/v2\/media\/57400"}],"wp:attachment":[{"href":"https:\/\/freshgarbage.fi\/en\/wp-json\/wp\/v2\/media?parent=66186"}],"wp:term":[{"taxonomy":"product_brand","embeddable":true,"href":"https:\/\/freshgarbage.fi\/en\/wp-json\/wp\/v2\/product_brand?post=66186"},{"taxonomy":"product_cat","embeddable":true,"href":"https:\/\/freshgarbage.fi\/en\/wp-json\/wp\/v2\/product_cat?post=66186"},{"taxonomy":"product_tag","embeddable":true,"href":"https:\/\/freshgarbage.fi\/en\/wp-json\/wp\/v2\/product_tag?post=66186"}],"curies":[{"name":"wp","href":"https:\/\/api.w.org\/{rel}","templated":true}]}}