{"id":66174,"date":"2026-02-13T15:00:18","date_gmt":"2026-02-13T13:00:18","guid":{"rendered":"https:\/\/freshgarbage.fi\/tuote\/creedence-clearwater-revival-1969\/"},"modified":"2026-02-21T10:01:44","modified_gmt":"2026-02-21T08:01:44","slug":"creedence-clearwater-revival-cosmos-factory-willy-and-the-poor-boys","status":"publish","type":"product","link":"https:\/\/freshgarbage.fi\/en\/product\/creedence-clearwater-revival-cosmos-factory-willy-and-the-poor-boys\/","title":{"rendered":"Creedence Clearwater Revival \u2013 Cosmo&#8217;s Factory \/ Willy And The Poor Boys"},"content":{"rendered":"","protected":false},"excerpt":{"rendered":"<p>2LP. Sis\u00e4lt\u00e4\u00e4 levyt Cosmo&#8217;s Factory ja Willy And The Poorboys.<\/p>\n<p>Cosmo&#8217;s Factoryn kappaleessa A1 pieni pr\u00e4ssiroska, joka ei juuri soitossa kuulu. Saman puolen etiketti revennyt valmistusvaiheessa siten, ett\u00e4 osa etiketist\u00e4 liimaantunut musiikkia sis\u00e4lt\u00e4m\u00e4tt\u00f6m\u00e4lle loppurullausuralle. T\u00e4m\u00e4k\u00e4\u00e4n ei aiheuta sen kummempia ongelmia.<\/p>\n<p>&nbsp;<\/p>\n","protected":false},"featured_media":81888,"template":"","meta":{"_acf_changed":false},"product_brand":[],"product_cat":[116],"product_tag":[],"class_list":{"0":"post-66174","1":"product","2":"type-product","3":"status-publish","4":"has-post-thumbnail","6":"product_cat-rock-pop-en","7":"pa_formaatti-lp-en","8":"pa_kaytetty-uusi-2nd-hand","10":"first","11":"instock","12":"shipping-taxable","13":"purchasable","14":"product-type-simple"},"acf":[],"_links":{"self":[{"href":"https:\/\/freshgarbage.fi\/en\/wp-json\/wp\/v2\/product\/66174","targetHints":{"allow":["GET"]}}],"collection":[{"href":"https:\/\/freshgarbage.fi\/en\/wp-json\/wp\/v2\/product"}],"about":[{"href":"https:\/\/freshgarbage.fi\/en\/wp-json\/wp\/v2\/types\/product"}],"wp:featuredmedia":[{"embeddable":true,"href":"https:\/\/freshgarbage.fi\/en\/wp-json\/wp\/v2\/media\/81888"}],"wp:attachment":[{"href":"https:\/\/freshgarbage.fi\/en\/wp-json\/wp\/v2\/media?parent=66174"}],"wp:term":[{"taxonomy":"product_brand","embeddable":true,"href":"https:\/\/freshgarbage.fi\/en\/wp-json\/wp\/v2\/product_brand?post=66174"},{"taxonomy":"product_cat","embeddable":true,"href":"https:\/\/freshgarbage.fi\/en\/wp-json\/wp\/v2\/product_cat?post=66174"},{"taxonomy":"product_tag","embeddable":true,"href":"https:\/\/freshgarbage.fi\/en\/wp-json\/wp\/v2\/product_tag?post=66174"}],"curies":[{"name":"wp","href":"https:\/\/api.w.org\/{rel}","templated":true}]}}