{"id":66109,"date":"2025-11-03T11:45:28","date_gmt":"2025-11-03T09:45:28","guid":{"rendered":"https:\/\/freshgarbage.fi\/tuote\/brian-auger-julie-driscoll-the-trinity-open\/"},"modified":"2025-11-03T11:45:28","modified_gmt":"2025-11-03T09:45:28","slug":"brian-auger-julie-driscoll-the-trinity-open","status":"publish","type":"product","link":"https:\/\/freshgarbage.fi\/en\/product\/brian-auger-julie-driscoll-the-trinity-open\/","title":{"rendered":"Brian Auger, Julie Driscoll &#038; The Trinity \u2013 Open"},"content":{"rendered":"","protected":false},"excerpt":{"rendered":"<p>Alkuper\u00e4inen UK-painos. Hieman kevytt\u00e4 j\u00e4lke\u00e4, hiljaisemmissa kohdissa kuulokkeilla pient\u00e4 tausta\u00e4\u00e4nt\u00e4. Varsin hyv\u00e4 kokonaisuus.<\/p>\n","protected":false},"featured_media":58461,"template":"","meta":{"_acf_changed":false},"product_brand":[],"product_cat":[122,113],"product_tag":[],"class_list":{"0":"post-66109","1":"product","2":"type-product","3":"status-publish","4":"has-post-thumbnail","6":"product_cat-jazz-fusion-en","7":"product_cat-progressive-rock-krautrock-en","9":"first","10":"instock","11":"shipping-taxable","12":"purchasable","13":"product-type-simple"},"acf":[],"_links":{"self":[{"href":"https:\/\/freshgarbage.fi\/en\/wp-json\/wp\/v2\/product\/66109","targetHints":{"allow":["GET"]}}],"collection":[{"href":"https:\/\/freshgarbage.fi\/en\/wp-json\/wp\/v2\/product"}],"about":[{"href":"https:\/\/freshgarbage.fi\/en\/wp-json\/wp\/v2\/types\/product"}],"wp:featuredmedia":[{"embeddable":true,"href":"https:\/\/freshgarbage.fi\/en\/wp-json\/wp\/v2\/media\/58461"}],"wp:attachment":[{"href":"https:\/\/freshgarbage.fi\/en\/wp-json\/wp\/v2\/media?parent=66109"}],"wp:term":[{"taxonomy":"product_brand","embeddable":true,"href":"https:\/\/freshgarbage.fi\/en\/wp-json\/wp\/v2\/product_brand?post=66109"},{"taxonomy":"product_cat","embeddable":true,"href":"https:\/\/freshgarbage.fi\/en\/wp-json\/wp\/v2\/product_cat?post=66109"},{"taxonomy":"product_tag","embeddable":true,"href":"https:\/\/freshgarbage.fi\/en\/wp-json\/wp\/v2\/product_tag?post=66109"}],"curies":[{"name":"wp","href":"https:\/\/api.w.org\/{rel}","templated":true}]}}