{"id":66101,"date":"2025-06-26T11:45:12","date_gmt":"2025-06-26T08:45:12","guid":{"rendered":"https:\/\/freshgarbage.fi\/tuote\/mortician-hacked-up-for-barbecue\/"},"modified":"2025-06-26T11:45:12","modified_gmt":"2025-06-26T08:45:12","slug":"mortician-hacked-up-for-barbecue","status":"publish","type":"product","link":"https:\/\/freshgarbage.fi\/en\/product\/mortician-hacked-up-for-barbecue\/","title":{"rendered":"Mortician \u2013 Hacked Up For Barbecue"},"content":{"rendered":"","protected":false},"excerpt":{"rendered":"<p>2LP. Ensimm\u00e4inen vinyylipainos.<\/p>\n<ul>\n<li>Hieman kevytt\u00e4 j\u00e4lke\u00e4. Alkuintron aikana pient\u00e4 ylim\u00e4\u00e4r\u00e4ist\u00e4 tausta\u00e4\u00e4nt\u00e4, p\u00e4\u00e4osin soi hienosti.<\/li>\n<li>Yhdess\u00e4 kulmassa pient\u00e4 lytty\u00e4.<\/li>\n<li>Juliste mukana.<\/li>\n<\/ul>\n","protected":false},"featured_media":33867,"template":"","meta":{"_acf_changed":false},"product_brand":[],"product_cat":[118],"product_tag":[],"class_list":{"0":"post-66101","1":"product","2":"type-product","3":"status-publish","4":"has-post-thumbnail","6":"product_cat-metal-en","7":"pa_formaatti-lp-en","8":"pa_kaytetty-uusi-2nd-hand","10":"first","11":"instock","12":"shipping-taxable","13":"purchasable","14":"product-type-simple"},"acf":[],"_links":{"self":[{"href":"https:\/\/freshgarbage.fi\/en\/wp-json\/wp\/v2\/product\/66101","targetHints":{"allow":["GET"]}}],"collection":[{"href":"https:\/\/freshgarbage.fi\/en\/wp-json\/wp\/v2\/product"}],"about":[{"href":"https:\/\/freshgarbage.fi\/en\/wp-json\/wp\/v2\/types\/product"}],"wp:featuredmedia":[{"embeddable":true,"href":"https:\/\/freshgarbage.fi\/en\/wp-json\/wp\/v2\/media\/33867"}],"wp:attachment":[{"href":"https:\/\/freshgarbage.fi\/en\/wp-json\/wp\/v2\/media?parent=66101"}],"wp:term":[{"taxonomy":"product_brand","embeddable":true,"href":"https:\/\/freshgarbage.fi\/en\/wp-json\/wp\/v2\/product_brand?post=66101"},{"taxonomy":"product_cat","embeddable":true,"href":"https:\/\/freshgarbage.fi\/en\/wp-json\/wp\/v2\/product_cat?post=66101"},{"taxonomy":"product_tag","embeddable":true,"href":"https:\/\/freshgarbage.fi\/en\/wp-json\/wp\/v2\/product_tag?post=66101"}],"curies":[{"name":"wp","href":"https:\/\/api.w.org\/{rel}","templated":true}]}}