{"id":65922,"date":"2025-11-27T12:59:52","date_gmt":"2025-11-27T10:59:52","guid":{"rendered":"https:\/\/freshgarbage.fi\/tuote\/slickaphonics-wow-bag\/"},"modified":"2025-11-27T12:59:52","modified_gmt":"2025-11-27T10:59:52","slug":"slickaphonics-wow-bag","status":"publish","type":"product","link":"https:\/\/freshgarbage.fi\/en\/product\/slickaphonics-wow-bag\/","title":{"rendered":"Slickaphonics \u2013 Wow Bag"},"content":{"rendered":"","protected":false},"excerpt":{"rendered":"<p>Alkuper\u00e4inen Saksa-painos.<\/p>\n<p>Levyss\u00e4 reilusti hankaumaa\/pintaj\u00e4lke\u00e4, mutta soi ilman suurempia ongelmia. Kevytt\u00e4 taustaritin\u00e4\u00e4 havaittavissa paikoin.<\/p>\n","protected":false},"featured_media":60322,"template":"","meta":{"_acf_changed":false},"product_brand":[],"product_cat":[122,132],"product_tag":[],"class_list":{"0":"post-65922","1":"product","2":"type-product","3":"status-publish","4":"has-post-thumbnail","6":"product_cat-jazz-fusion-en","7":"product_cat-soul-funk-disco-rnb-en","8":"pa_formaatti-lp-en","9":"pa_kaytetty-uusi-2nd-hand","11":"first","12":"outofstock","13":"shipping-taxable","14":"purchasable","15":"product-type-simple"},"acf":[],"_links":{"self":[{"href":"https:\/\/freshgarbage.fi\/en\/wp-json\/wp\/v2\/product\/65922","targetHints":{"allow":["GET"]}}],"collection":[{"href":"https:\/\/freshgarbage.fi\/en\/wp-json\/wp\/v2\/product"}],"about":[{"href":"https:\/\/freshgarbage.fi\/en\/wp-json\/wp\/v2\/types\/product"}],"wp:featuredmedia":[{"embeddable":true,"href":"https:\/\/freshgarbage.fi\/en\/wp-json\/wp\/v2\/media\/60322"}],"wp:attachment":[{"href":"https:\/\/freshgarbage.fi\/en\/wp-json\/wp\/v2\/media?parent=65922"}],"wp:term":[{"taxonomy":"product_brand","embeddable":true,"href":"https:\/\/freshgarbage.fi\/en\/wp-json\/wp\/v2\/product_brand?post=65922"},{"taxonomy":"product_cat","embeddable":true,"href":"https:\/\/freshgarbage.fi\/en\/wp-json\/wp\/v2\/product_cat?post=65922"},{"taxonomy":"product_tag","embeddable":true,"href":"https:\/\/freshgarbage.fi\/en\/wp-json\/wp\/v2\/product_tag?post=65922"}],"curies":[{"name":"wp","href":"https:\/\/api.w.org\/{rel}","templated":true}]}}