{"id":65919,"date":"2025-01-23T12:15:51","date_gmt":"2025-01-23T10:15:51","guid":{"rendered":"https:\/\/freshgarbage.fi\/tuote\/blendcrafters-blend-crafters-volume-one\/"},"modified":"2025-01-23T12:15:51","modified_gmt":"2025-01-23T10:15:51","slug":"blendcrafters-blend-crafters-volume-one","status":"publish","type":"product","link":"https:\/\/freshgarbage.fi\/en\/product\/blendcrafters-blend-crafters-volume-one\/","title":{"rendered":"Blendcrafters \u2013 Blend Crafters Volume One"},"content":{"rendered":"","protected":false},"excerpt":{"rendered":"<p>2LP. Alkuper\u00e4inen US-painos.<\/p>\n<p>Levyiss\u00e4 jokunen hyvin kevyt sis\u00e4pussin j\u00e4tt\u00e4m\u00e4 hiusj\u00e4lki.<\/p>\n","protected":false},"featured_media":29285,"template":"","meta":{"_acf_changed":false},"product_brand":[],"product_cat":[127,123],"product_tag":[],"class_list":{"0":"post-65919","1":"product","2":"type-product","3":"status-publish","4":"has-post-thumbnail","6":"product_cat-electronic-en","7":"product_cat-hip-hop-rap-en","8":"pa_formaatti-lp-en","9":"pa_kaytetty-uusi-2nd-hand","11":"first","12":"instock","13":"shipping-taxable","14":"purchasable","15":"product-type-simple"},"acf":[],"_links":{"self":[{"href":"https:\/\/freshgarbage.fi\/en\/wp-json\/wp\/v2\/product\/65919","targetHints":{"allow":["GET"]}}],"collection":[{"href":"https:\/\/freshgarbage.fi\/en\/wp-json\/wp\/v2\/product"}],"about":[{"href":"https:\/\/freshgarbage.fi\/en\/wp-json\/wp\/v2\/types\/product"}],"wp:featuredmedia":[{"embeddable":true,"href":"https:\/\/freshgarbage.fi\/en\/wp-json\/wp\/v2\/media\/29285"}],"wp:attachment":[{"href":"https:\/\/freshgarbage.fi\/en\/wp-json\/wp\/v2\/media?parent=65919"}],"wp:term":[{"taxonomy":"product_brand","embeddable":true,"href":"https:\/\/freshgarbage.fi\/en\/wp-json\/wp\/v2\/product_brand?post=65919"},{"taxonomy":"product_cat","embeddable":true,"href":"https:\/\/freshgarbage.fi\/en\/wp-json\/wp\/v2\/product_cat?post=65919"},{"taxonomy":"product_tag","embeddable":true,"href":"https:\/\/freshgarbage.fi\/en\/wp-json\/wp\/v2\/product_tag?post=65919"}],"curies":[{"name":"wp","href":"https:\/\/api.w.org\/{rel}","templated":true}]}}