{"id":65873,"date":"2025-12-12T11:45:14","date_gmt":"2025-12-12T09:45:14","guid":{"rendered":"https:\/\/freshgarbage.fi\/tuote\/ray-charles-genius-loves-company\/"},"modified":"2025-12-12T11:45:14","modified_gmt":"2025-12-12T09:45:14","slug":"ray-charles-genius-loves-company","status":"publish","type":"product","link":"https:\/\/freshgarbage.fi\/en\/product\/ray-charles-genius-loves-company\/","title":{"rendered":"Ray Charles \u2013 Genius Loves Company"},"content":{"rendered":"","protected":false},"excerpt":{"rendered":"<p>Alkuper\u00e4inen Eurooppa-painos. Kevytt\u00e4 sis\u00e4pussihankaumaa\/-j\u00e4lke\u00e4, soi hyvin.<\/p>\n<p>A1 Ray Charles With Norah Jones\u2013 Here We Go Again 3:59<br \/>\nA2 Ray Charles With James Taylor (2)\u2013 Sweet Potato Pie 3:47<br \/>\nA3 Ray Charles With Diana Krall\u2013 You Don&#8217;t Know Me 3:55<br \/>\nA4 Ray Charles With Elton John\u2013 Sorry Seems To Be The Hardest Word 3:59<br \/>\nA5 Ray Charles With Natalie Cole\u2013 Fever 3:30<br \/>\nA6 Ray Charles With Bonnie Raitt\u2013 Do I Ever Cross Your Mind? 4:34<br \/>\nA7 Ray Charles With Willie Nelson\u2013 It Was A Very Good Year 4:59<br \/>\nB1 Ray Charles With Michael McDonald\u2013 Hey Girl 5:15<br \/>\nB2 Ray Charles With B.B. King\u2013 Sinner&#8217;s Prayer 4:25<br \/>\nB3 Ray Charles With Gladys Knight\u2013 Heaven Help Us All 4:32<br \/>\nB4 Ray Charles With Johnny Mathis\u2013 Over The Rainbow 4:54<br \/>\nB5 Ray Charles With Van Morrison\u2013 Crazy Love (Live) 3:46<\/p>\n","protected":false},"featured_media":61552,"template":"","meta":{"_acf_changed":false},"product_brand":[],"product_cat":[132],"product_tag":[],"class_list":{"0":"post-65873","1":"product","2":"type-product","3":"status-publish","4":"has-post-thumbnail","6":"product_cat-soul-funk-disco-rnb-en","7":"pa_formaatti-lp-en","8":"pa_kaytetty-uusi-2nd-hand","10":"first","11":"instock","12":"shipping-taxable","13":"purchasable","14":"product-type-simple"},"acf":[],"_links":{"self":[{"href":"https:\/\/freshgarbage.fi\/en\/wp-json\/wp\/v2\/product\/65873","targetHints":{"allow":["GET"]}}],"collection":[{"href":"https:\/\/freshgarbage.fi\/en\/wp-json\/wp\/v2\/product"}],"about":[{"href":"https:\/\/freshgarbage.fi\/en\/wp-json\/wp\/v2\/types\/product"}],"wp:featuredmedia":[{"embeddable":true,"href":"https:\/\/freshgarbage.fi\/en\/wp-json\/wp\/v2\/media\/61552"}],"wp:attachment":[{"href":"https:\/\/freshgarbage.fi\/en\/wp-json\/wp\/v2\/media?parent=65873"}],"wp:term":[{"taxonomy":"product_brand","embeddable":true,"href":"https:\/\/freshgarbage.fi\/en\/wp-json\/wp\/v2\/product_brand?post=65873"},{"taxonomy":"product_cat","embeddable":true,"href":"https:\/\/freshgarbage.fi\/en\/wp-json\/wp\/v2\/product_cat?post=65873"},{"taxonomy":"product_tag","embeddable":true,"href":"https:\/\/freshgarbage.fi\/en\/wp-json\/wp\/v2\/product_tag?post=65873"}],"curies":[{"name":"wp","href":"https:\/\/api.w.org\/{rel}","templated":true}]}}