{"id":65850,"date":"2025-12-15T11:45:29","date_gmt":"2025-12-15T09:45:29","guid":{"rendered":"https:\/\/freshgarbage.fi\/tuote\/sam-cooke-mr-soul\/"},"modified":"2025-12-15T11:45:29","modified_gmt":"2025-12-15T09:45:29","slug":"sam-cooke-mr-soul","status":"publish","type":"product","link":"https:\/\/freshgarbage.fi\/en\/product\/sam-cooke-mr-soul\/","title":{"rendered":"Sam Cooke \u2013 Mr. Soul"},"content":{"rendered":"","protected":false},"excerpt":{"rendered":"<p>Varhainen Saksa-painos.<\/p>\n<p>Kansi ohutta pahvi, sentin seam split p\u00e4\u00e4tysaumassa, reunakulumaa. Levyss\u00e4 kevytt\u00e4 j\u00e4lke\u00e4, paikoitelleen vaimeaa tausta\u00e4\u00e4nt\u00e4.<\/p>\n","protected":false},"featured_media":61793,"template":"","meta":{"_acf_changed":false},"product_brand":[],"product_cat":[132],"product_tag":[],"class_list":{"0":"post-65850","1":"product","2":"type-product","3":"status-publish","4":"has-post-thumbnail","6":"product_cat-soul-funk-disco-rnb-en","7":"pa_formaatti-lp-en","8":"pa_kaytetty-uusi-2nd-hand","10":"first","11":"instock","12":"shipping-taxable","13":"purchasable","14":"product-type-simple"},"acf":[],"_links":{"self":[{"href":"https:\/\/freshgarbage.fi\/en\/wp-json\/wp\/v2\/product\/65850","targetHints":{"allow":["GET"]}}],"collection":[{"href":"https:\/\/freshgarbage.fi\/en\/wp-json\/wp\/v2\/product"}],"about":[{"href":"https:\/\/freshgarbage.fi\/en\/wp-json\/wp\/v2\/types\/product"}],"wp:featuredmedia":[{"embeddable":true,"href":"https:\/\/freshgarbage.fi\/en\/wp-json\/wp\/v2\/media\/61793"}],"wp:attachment":[{"href":"https:\/\/freshgarbage.fi\/en\/wp-json\/wp\/v2\/media?parent=65850"}],"wp:term":[{"taxonomy":"product_brand","embeddable":true,"href":"https:\/\/freshgarbage.fi\/en\/wp-json\/wp\/v2\/product_brand?post=65850"},{"taxonomy":"product_cat","embeddable":true,"href":"https:\/\/freshgarbage.fi\/en\/wp-json\/wp\/v2\/product_cat?post=65850"},{"taxonomy":"product_tag","embeddable":true,"href":"https:\/\/freshgarbage.fi\/en\/wp-json\/wp\/v2\/product_tag?post=65850"}],"curies":[{"name":"wp","href":"https:\/\/api.w.org\/{rel}","templated":true}]}}