{"id":65830,"date":"2025-09-23T11:45:15","date_gmt":"2025-09-23T08:45:15","guid":{"rendered":"https:\/\/freshgarbage.fi\/tuote\/shy-once-bitten-twice-shy\/"},"modified":"2025-09-23T11:45:15","modified_gmt":"2025-09-23T08:45:15","slug":"shy-once-bitten-twice-shy","status":"publish","type":"product","link":"https:\/\/freshgarbage.fi\/en\/product\/shy-once-bitten-twice-shy\/","title":{"rendered":"Shy \u2013 Once Bitten&#8230;Twice Shy"},"content":{"rendered":"","protected":false},"excerpt":{"rendered":"<p>Alkuper\u00e4inen UK-painos.<\/p>\n<p>Levyss\u00e4 pari hiusj\u00e4lke\u00e4, mutta soi puhtaasti. Kannen p\u00e4\u00e4tysaumassa reilumpaa kulumaa, ei kuitenkaan puhki.<\/p>\n","protected":false},"featured_media":55308,"template":"","meta":{"_acf_changed":false},"product_brand":[],"product_cat":[130],"product_tag":[],"class_list":{"0":"post-65830","1":"product","2":"type-product","3":"status-publish","4":"has-post-thumbnail","6":"product_cat-alternative-indie-rock","7":"pa_formaatti-lp-en","8":"pa_kaytetty-uusi-2nd-hand","10":"first","11":"instock","12":"shipping-taxable","13":"purchasable","14":"product-type-simple"},"acf":[],"_links":{"self":[{"href":"https:\/\/freshgarbage.fi\/en\/wp-json\/wp\/v2\/product\/65830","targetHints":{"allow":["GET"]}}],"collection":[{"href":"https:\/\/freshgarbage.fi\/en\/wp-json\/wp\/v2\/product"}],"about":[{"href":"https:\/\/freshgarbage.fi\/en\/wp-json\/wp\/v2\/types\/product"}],"wp:featuredmedia":[{"embeddable":true,"href":"https:\/\/freshgarbage.fi\/en\/wp-json\/wp\/v2\/media\/55308"}],"wp:attachment":[{"href":"https:\/\/freshgarbage.fi\/en\/wp-json\/wp\/v2\/media?parent=65830"}],"wp:term":[{"taxonomy":"product_brand","embeddable":true,"href":"https:\/\/freshgarbage.fi\/en\/wp-json\/wp\/v2\/product_brand?post=65830"},{"taxonomy":"product_cat","embeddable":true,"href":"https:\/\/freshgarbage.fi\/en\/wp-json\/wp\/v2\/product_cat?post=65830"},{"taxonomy":"product_tag","embeddable":true,"href":"https:\/\/freshgarbage.fi\/en\/wp-json\/wp\/v2\/product_tag?post=65830"}],"curies":[{"name":"wp","href":"https:\/\/api.w.org\/{rel}","templated":true}]}}