{"id":65814,"date":"2025-12-19T11:45:53","date_gmt":"2025-12-19T09:45:53","guid":{"rendered":"https:\/\/freshgarbage.fi\/tuote\/gilla-i-like-some-cool-rock-n-roll\/"},"modified":"2025-12-19T11:45:53","modified_gmt":"2025-12-19T09:45:53","slug":"gilla-i-like-some-cool-rock-n-roll","status":"publish","type":"product","link":"https:\/\/freshgarbage.fi\/en\/product\/gilla-i-like-some-cool-rock-n-roll\/","title":{"rendered":"Gilla \u2013 I Like Some Cool Rock &#8216;N&#8217; Roll"},"content":{"rendered":"","protected":false},"excerpt":{"rendered":"<p>Alkuper\u00e4inen Saksa-painos.<\/p>\n<p>Levyss\u00e4 hankaumaa ja pintaj\u00e4lke\u00e4. Hentoa rahinaa havaittavissa hiljaisemmissa kohdissa. Kannessa kulumaa l\u00e4hinn\u00e4 reunoissa sek\u00e4 kevytt\u00e4 taitosta.<\/p>\n","protected":false},"featured_media":62222,"template":"","meta":{"_acf_changed":false},"product_brand":[],"product_cat":[132],"product_tag":[],"class_list":{"0":"post-65814","1":"product","2":"type-product","3":"status-publish","4":"has-post-thumbnail","6":"product_cat-soul-funk-disco-rnb-en","7":"pa_formaatti-lp-en","8":"pa_kaytetty-uusi-2nd-hand","10":"first","11":"instock","12":"shipping-taxable","13":"purchasable","14":"product-type-simple"},"acf":[],"_links":{"self":[{"href":"https:\/\/freshgarbage.fi\/en\/wp-json\/wp\/v2\/product\/65814","targetHints":{"allow":["GET"]}}],"collection":[{"href":"https:\/\/freshgarbage.fi\/en\/wp-json\/wp\/v2\/product"}],"about":[{"href":"https:\/\/freshgarbage.fi\/en\/wp-json\/wp\/v2\/types\/product"}],"wp:featuredmedia":[{"embeddable":true,"href":"https:\/\/freshgarbage.fi\/en\/wp-json\/wp\/v2\/media\/62222"}],"wp:attachment":[{"href":"https:\/\/freshgarbage.fi\/en\/wp-json\/wp\/v2\/media?parent=65814"}],"wp:term":[{"taxonomy":"product_brand","embeddable":true,"href":"https:\/\/freshgarbage.fi\/en\/wp-json\/wp\/v2\/product_brand?post=65814"},{"taxonomy":"product_cat","embeddable":true,"href":"https:\/\/freshgarbage.fi\/en\/wp-json\/wp\/v2\/product_cat?post=65814"},{"taxonomy":"product_tag","embeddable":true,"href":"https:\/\/freshgarbage.fi\/en\/wp-json\/wp\/v2\/product_tag?post=65814"}],"curies":[{"name":"wp","href":"https:\/\/api.w.org\/{rel}","templated":true}]}}