{"id":65789,"date":"2023-10-16T13:07:29","date_gmt":"2023-10-16T10:07:29","guid":{"rendered":"https:\/\/freshgarbage.fi\/tuote\/johnny-cash-bootleg-vol-i-personal-file\/"},"modified":"2023-10-16T13:07:29","modified_gmt":"2023-10-16T10:07:29","slug":"johnny-cash-bootleg-vol-i-personal-file","status":"publish","type":"product","link":"https:\/\/freshgarbage.fi\/en\/product\/johnny-cash-bootleg-vol-i-personal-file\/","title":{"rendered":"Johnny Cash \u200e\u2013 Bootleg Vol I: Personal File"},"content":{"rendered":"","protected":false},"excerpt":{"rendered":"<ul>\n<li>Yhdess\u00e4 etiketiss\u00e4 &#8220;halkeama&#8221; keskell\u00e4<\/li>\n<li>180 grams audiophile vinyl<\/li>\n<li>Printed inner sleeves<\/li>\n<li>16 page booklet<\/li>\n<\/ul>\n","protected":false},"featured_media":2929,"template":"","meta":{"_acf_changed":false},"product_brand":[],"product_cat":[128],"product_tag":[],"class_list":{"0":"post-65789","1":"product","2":"type-product","3":"status-publish","4":"has-post-thumbnail","6":"product_cat-country-country-rock-bluegrass-en","7":"pa_formaatti-lp-en","8":"pa_kaytetty-uusi-2nd-hand","10":"first","11":"instock","12":"sale","13":"shipping-taxable","14":"purchasable","15":"product-type-simple"},"acf":[],"_links":{"self":[{"href":"https:\/\/freshgarbage.fi\/en\/wp-json\/wp\/v2\/product\/65789","targetHints":{"allow":["GET"]}}],"collection":[{"href":"https:\/\/freshgarbage.fi\/en\/wp-json\/wp\/v2\/product"}],"about":[{"href":"https:\/\/freshgarbage.fi\/en\/wp-json\/wp\/v2\/types\/product"}],"wp:featuredmedia":[{"embeddable":true,"href":"https:\/\/freshgarbage.fi\/en\/wp-json\/wp\/v2\/media\/2929"}],"wp:attachment":[{"href":"https:\/\/freshgarbage.fi\/en\/wp-json\/wp\/v2\/media?parent=65789"}],"wp:term":[{"taxonomy":"product_brand","embeddable":true,"href":"https:\/\/freshgarbage.fi\/en\/wp-json\/wp\/v2\/product_brand?post=65789"},{"taxonomy":"product_cat","embeddable":true,"href":"https:\/\/freshgarbage.fi\/en\/wp-json\/wp\/v2\/product_cat?post=65789"},{"taxonomy":"product_tag","embeddable":true,"href":"https:\/\/freshgarbage.fi\/en\/wp-json\/wp\/v2\/product_tag?post=65789"}],"curies":[{"name":"wp","href":"https:\/\/api.w.org\/{rel}","templated":true}]}}