{"id":65784,"date":"2025-09-25T11:42:45","date_gmt":"2025-09-25T08:42:45","guid":{"rendered":"https:\/\/freshgarbage.fi\/tuote\/daughter-the-wild-youth-ep\/"},"modified":"2025-09-25T11:42:45","modified_gmt":"2025-09-25T08:42:45","slug":"daughter-the-wild-youth-ep","status":"publish","type":"product","link":"https:\/\/freshgarbage.fi\/en\/product\/daughter-the-wild-youth-ep\/","title":{"rendered":"Daughter \u2013 The Wild Youth EP"},"content":{"rendered":"","protected":false},"excerpt":{"rendered":"<p>Virhepainos, levyss\u00e4 edelt\u00e4v\u00e4n EP:n etiketit. Sis\u00e4lt\u00f6 kuitenkin oikea.<\/p>\n<p>A1 Home 4:18<br \/>\nA2 Medicine 4:19<br \/>\nB1 Youth 4:11<br \/>\nB2 Love 5:43<\/p>\n","protected":false},"featured_media":55557,"template":"","meta":{"_acf_changed":false},"product_brand":[],"product_cat":[130],"product_tag":[],"class_list":{"0":"post-65784","1":"product","2":"type-product","3":"status-publish","4":"has-post-thumbnail","6":"product_cat-alternative-indie-rock","7":"pa_formaatti-10-en","8":"pa_kaytetty-uusi-2nd-hand","10":"first","11":"instock","12":"shipping-taxable","13":"purchasable","14":"product-type-simple"},"acf":[],"_links":{"self":[{"href":"https:\/\/freshgarbage.fi\/en\/wp-json\/wp\/v2\/product\/65784","targetHints":{"allow":["GET"]}}],"collection":[{"href":"https:\/\/freshgarbage.fi\/en\/wp-json\/wp\/v2\/product"}],"about":[{"href":"https:\/\/freshgarbage.fi\/en\/wp-json\/wp\/v2\/types\/product"}],"wp:featuredmedia":[{"embeddable":true,"href":"https:\/\/freshgarbage.fi\/en\/wp-json\/wp\/v2\/media\/55557"}],"wp:attachment":[{"href":"https:\/\/freshgarbage.fi\/en\/wp-json\/wp\/v2\/media?parent=65784"}],"wp:term":[{"taxonomy":"product_brand","embeddable":true,"href":"https:\/\/freshgarbage.fi\/en\/wp-json\/wp\/v2\/product_brand?post=65784"},{"taxonomy":"product_cat","embeddable":true,"href":"https:\/\/freshgarbage.fi\/en\/wp-json\/wp\/v2\/product_cat?post=65784"},{"taxonomy":"product_tag","embeddable":true,"href":"https:\/\/freshgarbage.fi\/en\/wp-json\/wp\/v2\/product_tag?post=65784"}],"curies":[{"name":"wp","href":"https:\/\/api.w.org\/{rel}","templated":true}]}}