{"id":65694,"date":"2026-01-27T12:00:16","date_gmt":"2026-01-27T10:00:16","guid":{"rendered":"https:\/\/freshgarbage.fi\/?post_type=product&#038;p=65694"},"modified":"2026-02-03T07:53:26","modified_gmt":"2026-02-03T05:53:26","slug":"bob-hund-folkmusik-for-folk-som-inte-kan-bete-sig-som-folk","status":"publish","type":"product","link":"https:\/\/freshgarbage.fi\/en\/product\/bob-hund-folkmusik-for-folk-som-inte-kan-bete-sig-som-folk\/","title":{"rendered":"bob hund \u2013 Folkmusik F\u00f6r Folk Som Inte Kan Bete Sig Som Folk"},"content":{"rendered":"","protected":false},"excerpt":{"rendered":"<p>Ensimm\u00e4ist\u00e4 kertaa vinyylill\u00e4.<\/p>\n<p>1 Folkmusik F\u00f6r Folk Som Inte Kan Bete Sig Som Folk 3:18<br \/>\n2 Bli Aldrig Som Oss, Bli V\u00e4rre! 4:18<br \/>\n3 Tinnitus I Hj\u00e4rtat 3:55<br \/>\n4 V\u00e4rldens B\u00e4sta D\u00e5liga L\u00e5t 4:06<br \/>\n5 Blommor P\u00e5 Brinnande Fartyg 4:48<br \/>\n6 Gr\u00f6nt Ljus \u00c5t Alla 5:59<br \/>\n7 Fantastiskt 5:19<br \/>\n8 L\u00f6senord: St\u00e4ngdklubb 4:15<br \/>\n9 Ett Litet Ljus S\u00f6ker Sitt M\u00f6rker 0:46<br \/>\n10 Siffran Vill Bli Fel 5:41<\/p>\n","protected":false},"featured_media":60657,"template":"","meta":{"_acf_changed":false},"product_brand":[],"product_cat":[130,107],"product_tag":[],"class_list":{"0":"post-65694","1":"product","2":"type-product","3":"status-publish","4":"has-post-thumbnail","6":"product_cat-alternative-indie-rock","7":"product_cat-new","8":"pa_formaatti-lp-en","9":"pa_kaytetty-uusi-new","11":"first","12":"instock","13":"taxable","14":"shipping-taxable","15":"purchasable","16":"product-type-simple"},"acf":[],"_links":{"self":[{"href":"https:\/\/freshgarbage.fi\/en\/wp-json\/wp\/v2\/product\/65694","targetHints":{"allow":["GET"]}}],"collection":[{"href":"https:\/\/freshgarbage.fi\/en\/wp-json\/wp\/v2\/product"}],"about":[{"href":"https:\/\/freshgarbage.fi\/en\/wp-json\/wp\/v2\/types\/product"}],"wp:featuredmedia":[{"embeddable":true,"href":"https:\/\/freshgarbage.fi\/en\/wp-json\/wp\/v2\/media\/60657"}],"wp:attachment":[{"href":"https:\/\/freshgarbage.fi\/en\/wp-json\/wp\/v2\/media?parent=65694"}],"wp:term":[{"taxonomy":"product_brand","embeddable":true,"href":"https:\/\/freshgarbage.fi\/en\/wp-json\/wp\/v2\/product_brand?post=65694"},{"taxonomy":"product_cat","embeddable":true,"href":"https:\/\/freshgarbage.fi\/en\/wp-json\/wp\/v2\/product_cat?post=65694"},{"taxonomy":"product_tag","embeddable":true,"href":"https:\/\/freshgarbage.fi\/en\/wp-json\/wp\/v2\/product_tag?post=65694"}],"curies":[{"name":"wp","href":"https:\/\/api.w.org\/{rel}","templated":true}]}}