{"id":65691,"date":"2026-01-27T12:00:22","date_gmt":"2026-01-27T10:00:22","guid":{"rendered":"https:\/\/freshgarbage.fi\/?post_type=product&#038;p=65691"},"modified":"2026-02-03T07:53:24","modified_gmt":"2026-02-03T05:53:24","slug":"bob-hund-later-som-miljarder","status":"publish","type":"product","link":"https:\/\/freshgarbage.fi\/en\/product\/bob-hund-later-som-miljarder\/","title":{"rendered":"bob hund \u2013 L\u00e5ter Som Miljarder"},"content":{"rendered":"","protected":false},"excerpt":{"rendered":"<p>A1 L\u00e5ter Som Miljarder<br \/>\nA2 Harduingetmankandansatill?<br \/>\nA3 Vem Tror Jag Att Jag Lurar?<br \/>\nA4 Varningsklockorna<br \/>\nA5 Darrande Varulvsh\u00e4nder<br \/>\nB1 Det Regnar Och Brinner<br \/>\nB2 Stanna Klocka Stanna<br \/>\nB3 Osmium &amp; Iridium<br \/>\nB4 S\u00e5\u00e5 N\u00e4ra<br \/>\nB5 Maskerade<\/p>\n","protected":false},"featured_media":60654,"template":"","meta":{"_acf_changed":false},"product_brand":[],"product_cat":[130,107],"product_tag":[],"class_list":{"0":"post-65691","1":"product","2":"type-product","3":"status-publish","4":"has-post-thumbnail","6":"product_cat-alternative-indie-rock","7":"product_cat-new","8":"pa_formaatti-lp-en","9":"pa_kaytetty-uusi-new","11":"first","12":"instock","13":"taxable","14":"shipping-taxable","15":"purchasable","16":"product-type-simple"},"acf":[],"_links":{"self":[{"href":"https:\/\/freshgarbage.fi\/en\/wp-json\/wp\/v2\/product\/65691","targetHints":{"allow":["GET"]}}],"collection":[{"href":"https:\/\/freshgarbage.fi\/en\/wp-json\/wp\/v2\/product"}],"about":[{"href":"https:\/\/freshgarbage.fi\/en\/wp-json\/wp\/v2\/types\/product"}],"wp:featuredmedia":[{"embeddable":true,"href":"https:\/\/freshgarbage.fi\/en\/wp-json\/wp\/v2\/media\/60654"}],"wp:attachment":[{"href":"https:\/\/freshgarbage.fi\/en\/wp-json\/wp\/v2\/media?parent=65691"}],"wp:term":[{"taxonomy":"product_brand","embeddable":true,"href":"https:\/\/freshgarbage.fi\/en\/wp-json\/wp\/v2\/product_brand?post=65691"},{"taxonomy":"product_cat","embeddable":true,"href":"https:\/\/freshgarbage.fi\/en\/wp-json\/wp\/v2\/product_cat?post=65691"},{"taxonomy":"product_tag","embeddable":true,"href":"https:\/\/freshgarbage.fi\/en\/wp-json\/wp\/v2\/product_tag?post=65691"}],"curies":[{"name":"wp","href":"https:\/\/api.w.org\/{rel}","templated":true}]}}