{"id":65628,"date":"2024-04-08T11:50:10","date_gmt":"2024-04-08T08:50:10","guid":{"rendered":"https:\/\/freshgarbage.fi\/tuote\/ruuti-ruuti\/"},"modified":"2024-04-08T11:50:10","modified_gmt":"2024-04-08T08:50:10","slug":"ruuti-ruuti","status":"publish","type":"product","link":"https:\/\/freshgarbage.fi\/en\/product\/ruuti-ruuti\/","title":{"rendered":"Ruuti \u2013 Ruuti"},"content":{"rendered":"","protected":false},"excerpt":{"rendered":"<p>Kevytt\u00e4 j\u00e4lke\u00e4, mutta soi hienosti.<\/p>\n","protected":false},"featured_media":14640,"template":"","meta":{"_acf_changed":false},"product_brand":[],"product_cat":[128,120],"product_tag":[],"class_list":{"0":"post-65628","1":"product","2":"type-product","3":"status-publish","4":"has-post-thumbnail","6":"product_cat-country-country-rock-bluegrass-en","7":"product_cat-finnish","8":"pa_formaatti-lp-en","9":"pa_kaytetty-uusi-2nd-hand","11":"first","12":"instock","13":"shipping-taxable","14":"purchasable","15":"product-type-simple"},"acf":[],"_links":{"self":[{"href":"https:\/\/freshgarbage.fi\/en\/wp-json\/wp\/v2\/product\/65628","targetHints":{"allow":["GET"]}}],"collection":[{"href":"https:\/\/freshgarbage.fi\/en\/wp-json\/wp\/v2\/product"}],"about":[{"href":"https:\/\/freshgarbage.fi\/en\/wp-json\/wp\/v2\/types\/product"}],"wp:featuredmedia":[{"embeddable":true,"href":"https:\/\/freshgarbage.fi\/en\/wp-json\/wp\/v2\/media\/14640"}],"wp:attachment":[{"href":"https:\/\/freshgarbage.fi\/en\/wp-json\/wp\/v2\/media?parent=65628"}],"wp:term":[{"taxonomy":"product_brand","embeddable":true,"href":"https:\/\/freshgarbage.fi\/en\/wp-json\/wp\/v2\/product_brand?post=65628"},{"taxonomy":"product_cat","embeddable":true,"href":"https:\/\/freshgarbage.fi\/en\/wp-json\/wp\/v2\/product_cat?post=65628"},{"taxonomy":"product_tag","embeddable":true,"href":"https:\/\/freshgarbage.fi\/en\/wp-json\/wp\/v2\/product_tag?post=65628"}],"curies":[{"name":"wp","href":"https:\/\/api.w.org\/{rel}","templated":true}]}}