{"id":65585,"date":"2024-04-12T17:29:22","date_gmt":"2024-04-12T14:29:22","guid":{"rendered":"https:\/\/freshgarbage.fi\/tuote\/comus-east-of-sweden-live-at-the-melloboat-festival-2008\/"},"modified":"2024-04-12T17:29:22","modified_gmt":"2024-04-12T14:29:22","slug":"comus-east-of-sweden-live-at-the-melloboat-festival-2008","status":"publish","type":"product","link":"https:\/\/freshgarbage.fi\/en\/product\/comus-east-of-sweden-live-at-the-melloboat-festival-2008\/","title":{"rendered":"Comus \u2013 East Of Sweden &#8211; Live At The Melloboat Festival 2008"},"content":{"rendered":"","protected":false},"excerpt":{"rendered":"<p>L\u00e4pin\u00e4kyv\u00e4 levy. Painos 100 kpl.<\/p>\n<p>Gatefoldin molemmissa yl\u00e4saumoissa halkeama, mutta ei taida olla l\u00e4pipuhki.<\/p>\n","protected":false},"featured_media":15174,"template":"","meta":{"_acf_changed":false},"product_brand":[],"product_cat":[131,125],"product_tag":[],"class_list":{"0":"post-65585","1":"product","2":"type-product","3":"status-publish","4":"has-post-thumbnail","6":"product_cat-60s-70s-psych-rock-garage-rock-en","7":"product_cat-folk-folk-rock-acoustic-en","8":"pa_formaatti-lp-en","9":"pa_kaytetty-uusi-2nd-hand","11":"first","12":"instock","13":"shipping-taxable","14":"purchasable","15":"product-type-simple"},"acf":[],"_links":{"self":[{"href":"https:\/\/freshgarbage.fi\/en\/wp-json\/wp\/v2\/product\/65585","targetHints":{"allow":["GET"]}}],"collection":[{"href":"https:\/\/freshgarbage.fi\/en\/wp-json\/wp\/v2\/product"}],"about":[{"href":"https:\/\/freshgarbage.fi\/en\/wp-json\/wp\/v2\/types\/product"}],"wp:featuredmedia":[{"embeddable":true,"href":"https:\/\/freshgarbage.fi\/en\/wp-json\/wp\/v2\/media\/15174"}],"wp:attachment":[{"href":"https:\/\/freshgarbage.fi\/en\/wp-json\/wp\/v2\/media?parent=65585"}],"wp:term":[{"taxonomy":"product_brand","embeddable":true,"href":"https:\/\/freshgarbage.fi\/en\/wp-json\/wp\/v2\/product_brand?post=65585"},{"taxonomy":"product_cat","embeddable":true,"href":"https:\/\/freshgarbage.fi\/en\/wp-json\/wp\/v2\/product_cat?post=65585"},{"taxonomy":"product_tag","embeddable":true,"href":"https:\/\/freshgarbage.fi\/en\/wp-json\/wp\/v2\/product_tag?post=65585"}],"curies":[{"name":"wp","href":"https:\/\/api.w.org\/{rel}","templated":true}]}}