{"id":65463,"date":"2025-06-10T10:45:35","date_gmt":"2025-06-10T07:45:35","guid":{"rendered":"https:\/\/freshgarbage.fi\/tuote\/big-seac-tings-in-boots-remix-movin-maxi\/"},"modified":"2025-06-10T10:45:35","modified_gmt":"2025-06-10T07:45:35","slug":"big-seac-tings-in-boots-remix-movin-maxi","status":"publish","type":"product","link":"https:\/\/freshgarbage.fi\/en\/product\/big-seac-tings-in-boots-remix-movin-maxi\/","title":{"rendered":"Big Seac \u2013 Tings In Boots Remix \/ Movin&#8217; MAXI"},"content":{"rendered":"","protected":false},"excerpt":{"rendered":"<p>Geneerinen kansi. Levyss\u00e4 pari kevytt\u00e4 pintaj\u00e4lke\u00e4, ei vaikutusta toistoon.<\/p>\n<p>A Ruff Sqwad \u2013 Tings In Boots Remix 3:33<br \/>\nB Big Seac \u2013 Movin&#8217; 3:17<\/p>\n","protected":false},"featured_media":35640,"template":"","meta":{"_acf_changed":false},"product_brand":[],"product_cat":[127],"product_tag":[],"class_list":{"0":"post-65463","1":"product","2":"type-product","3":"status-publish","4":"has-post-thumbnail","6":"product_cat-electronic-en","7":"pa_formaatti-12-en","8":"pa_kaytetty-uusi-2nd-hand","10":"first","11":"instock","12":"shipping-taxable","13":"purchasable","14":"product-type-simple"},"acf":[],"_links":{"self":[{"href":"https:\/\/freshgarbage.fi\/en\/wp-json\/wp\/v2\/product\/65463","targetHints":{"allow":["GET"]}}],"collection":[{"href":"https:\/\/freshgarbage.fi\/en\/wp-json\/wp\/v2\/product"}],"about":[{"href":"https:\/\/freshgarbage.fi\/en\/wp-json\/wp\/v2\/types\/product"}],"wp:featuredmedia":[{"embeddable":true,"href":"https:\/\/freshgarbage.fi\/en\/wp-json\/wp\/v2\/media\/35640"}],"wp:attachment":[{"href":"https:\/\/freshgarbage.fi\/en\/wp-json\/wp\/v2\/media?parent=65463"}],"wp:term":[{"taxonomy":"product_brand","embeddable":true,"href":"https:\/\/freshgarbage.fi\/en\/wp-json\/wp\/v2\/product_brand?post=65463"},{"taxonomy":"product_cat","embeddable":true,"href":"https:\/\/freshgarbage.fi\/en\/wp-json\/wp\/v2\/product_cat?post=65463"},{"taxonomy":"product_tag","embeddable":true,"href":"https:\/\/freshgarbage.fi\/en\/wp-json\/wp\/v2\/product_tag?post=65463"}],"curies":[{"name":"wp","href":"https:\/\/api.w.org\/{rel}","templated":true}]}}