{"id":65374,"date":"2025-07-07T11:55:18","date_gmt":"2025-07-07T08:55:18","guid":{"rendered":"https:\/\/freshgarbage.fi\/tuote\/benjamin-booker-benjamin-booker\/"},"modified":"2025-07-07T11:55:18","modified_gmt":"2025-07-07T08:55:18","slug":"benjamin-booker-benjamin-booker","status":"publish","type":"product","link":"https:\/\/freshgarbage.fi\/en\/product\/benjamin-booker-benjamin-booker\/","title":{"rendered":"Benjamin Booker \u2013 Benjamin Booker"},"content":{"rendered":"","protected":false},"excerpt":{"rendered":"<p>Alkuper\u00e4inen UK-painos.<\/p>\n<p>Jonkun verran sis\u00e4pussin j\u00e4tt\u00e4m\u00e4\u00e4 hankaumaa\/hiusj\u00e4lke\u00e4. Soi hienosti.<\/p>\n","protected":false},"featured_media":36791,"template":"","meta":{"_acf_changed":false},"product_brand":[],"product_cat":[130,129],"product_tag":[],"class_list":{"0":"post-65374","1":"product","2":"type-product","3":"status-publish","4":"has-post-thumbnail","6":"product_cat-alternative-indie-rock","7":"product_cat-blues-blues-rock-en","8":"pa_formaatti-lp-en","9":"pa_kaytetty-uusi-2nd-hand","11":"first","12":"instock","13":"shipping-taxable","14":"purchasable","15":"product-type-simple"},"acf":[],"_links":{"self":[{"href":"https:\/\/freshgarbage.fi\/en\/wp-json\/wp\/v2\/product\/65374","targetHints":{"allow":["GET"]}}],"collection":[{"href":"https:\/\/freshgarbage.fi\/en\/wp-json\/wp\/v2\/product"}],"about":[{"href":"https:\/\/freshgarbage.fi\/en\/wp-json\/wp\/v2\/types\/product"}],"wp:featuredmedia":[{"embeddable":true,"href":"https:\/\/freshgarbage.fi\/en\/wp-json\/wp\/v2\/media\/36791"}],"wp:attachment":[{"href":"https:\/\/freshgarbage.fi\/en\/wp-json\/wp\/v2\/media?parent=65374"}],"wp:term":[{"taxonomy":"product_brand","embeddable":true,"href":"https:\/\/freshgarbage.fi\/en\/wp-json\/wp\/v2\/product_brand?post=65374"},{"taxonomy":"product_cat","embeddable":true,"href":"https:\/\/freshgarbage.fi\/en\/wp-json\/wp\/v2\/product_cat?post=65374"},{"taxonomy":"product_tag","embeddable":true,"href":"https:\/\/freshgarbage.fi\/en\/wp-json\/wp\/v2\/product_tag?post=65374"}],"curies":[{"name":"wp","href":"https:\/\/api.w.org\/{rel}","templated":true}]}}