{"id":65351,"date":"2026-03-13T11:45:41","date_gmt":"2026-03-13T09:45:41","guid":{"rendered":"https:\/\/freshgarbage.fi\/?post_type=product&#038;p=65351"},"modified":"2026-03-13T11:48:11","modified_gmt":"2026-03-13T09:48:11","slug":"johnny-winter-captured-live-2","status":"publish","type":"product","link":"https:\/\/freshgarbage.fi\/en\/product\/johnny-winter-captured-live-2\/","title":{"rendered":"Johnny Winter \u2013 Captured Live!"},"content":{"rendered":"","protected":false},"excerpt":{"rendered":"<p>70-luvun US-painos.<\/p>\n<p>Kannessa kulumaa ja taitosta, mutta ei repe\u00e4mi\u00e4 tai seam splitej\u00e4.<\/p>\n","protected":false},"featured_media":83482,"template":"","meta":{"_acf_changed":false},"product_brand":[],"product_cat":[129],"product_tag":[],"class_list":{"0":"post-65351","1":"product","2":"type-product","3":"status-publish","4":"has-post-thumbnail","6":"product_cat-blues-blues-rock-en","7":"pa_formaatti-lp-en","8":"pa_kaytetty-uusi-2nd-hand","10":"first","11":"instock","12":"shipping-taxable","13":"purchasable","14":"product-type-simple"},"acf":[],"_links":{"self":[{"href":"https:\/\/freshgarbage.fi\/en\/wp-json\/wp\/v2\/product\/65351","targetHints":{"allow":["GET"]}}],"collection":[{"href":"https:\/\/freshgarbage.fi\/en\/wp-json\/wp\/v2\/product"}],"about":[{"href":"https:\/\/freshgarbage.fi\/en\/wp-json\/wp\/v2\/types\/product"}],"wp:featuredmedia":[{"embeddable":true,"href":"https:\/\/freshgarbage.fi\/en\/wp-json\/wp\/v2\/media\/83482"}],"wp:attachment":[{"href":"https:\/\/freshgarbage.fi\/en\/wp-json\/wp\/v2\/media?parent=65351"}],"wp:term":[{"taxonomy":"product_brand","embeddable":true,"href":"https:\/\/freshgarbage.fi\/en\/wp-json\/wp\/v2\/product_brand?post=65351"},{"taxonomy":"product_cat","embeddable":true,"href":"https:\/\/freshgarbage.fi\/en\/wp-json\/wp\/v2\/product_cat?post=65351"},{"taxonomy":"product_tag","embeddable":true,"href":"https:\/\/freshgarbage.fi\/en\/wp-json\/wp\/v2\/product_tag?post=65351"}],"curies":[{"name":"wp","href":"https:\/\/api.w.org\/{rel}","templated":true}]}}