{"id":65335,"date":"2025-08-08T14:00:19","date_gmt":"2025-08-08T11:00:19","guid":{"rendered":"https:\/\/freshgarbage.fi\/tuote\/gershon-kingsley-music-to-moog-by\/"},"modified":"2025-08-08T14:00:19","modified_gmt":"2025-08-08T11:00:19","slug":"gershon-kingsley-music-to-moog-by","status":"publish","type":"product","link":"https:\/\/freshgarbage.fi\/en\/product\/gershon-kingsley-music-to-moog-by\/","title":{"rendered":"Gershon Kingsley \u2013 Music To Moog By"},"content":{"rendered":"","protected":false},"excerpt":{"rendered":"<p>Rajoitettu painos l\u00e4pin\u00e4kyv\u00e4ll\u00e4 levyll\u00e4. Remasteroitu.<\/p>\n<p>A1 Hey, Hey 2:10<br \/>\nA2 Scarborough Fair 2:45<br \/>\nA3 For Alisse Beethoven 2:17<br \/>\nA4 Sheila 2:33<br \/>\nA5 Pop Corn 2:22<br \/>\nB1 Twinkle, Twinkle 2:05<br \/>\nB2 Nowhere Man 2:56<br \/>\nB3 Sunset Sound 2:36<br \/>\nB4 Traumansburg Whistle 2:55<br \/>\nB5 Paperback Writer 2:49<\/p>\n","protected":false},"featured_media":38427,"template":"","meta":{"_acf_changed":false},"product_brand":[],"product_cat":[127,107],"product_tag":[],"class_list":{"0":"post-65335","1":"product","2":"type-product","3":"status-publish","4":"has-post-thumbnail","6":"product_cat-electronic-en","7":"product_cat-new","8":"pa_formaatti-lp-en","9":"pa_kaytetty-uusi-new","11":"first","12":"instock","13":"taxable","14":"shipping-taxable","15":"purchasable","16":"product-type-simple"},"acf":[],"_links":{"self":[{"href":"https:\/\/freshgarbage.fi\/en\/wp-json\/wp\/v2\/product\/65335","targetHints":{"allow":["GET"]}}],"collection":[{"href":"https:\/\/freshgarbage.fi\/en\/wp-json\/wp\/v2\/product"}],"about":[{"href":"https:\/\/freshgarbage.fi\/en\/wp-json\/wp\/v2\/types\/product"}],"wp:featuredmedia":[{"embeddable":true,"href":"https:\/\/freshgarbage.fi\/en\/wp-json\/wp\/v2\/media\/38427"}],"wp:attachment":[{"href":"https:\/\/freshgarbage.fi\/en\/wp-json\/wp\/v2\/media?parent=65335"}],"wp:term":[{"taxonomy":"product_brand","embeddable":true,"href":"https:\/\/freshgarbage.fi\/en\/wp-json\/wp\/v2\/product_brand?post=65335"},{"taxonomy":"product_cat","embeddable":true,"href":"https:\/\/freshgarbage.fi\/en\/wp-json\/wp\/v2\/product_cat?post=65335"},{"taxonomy":"product_tag","embeddable":true,"href":"https:\/\/freshgarbage.fi\/en\/wp-json\/wp\/v2\/product_tag?post=65335"}],"curies":[{"name":"wp","href":"https:\/\/api.w.org\/{rel}","templated":true}]}}