{"id":65274,"date":"2025-09-04T11:45:41","date_gmt":"2025-09-04T08:45:41","guid":{"rendered":"https:\/\/freshgarbage.fi\/tuote\/perturbator-dangerous-days-2\/"},"modified":"2025-09-04T11:45:41","modified_gmt":"2025-09-04T08:45:41","slug":"perturbator-dangerous-days-2","status":"publish","type":"product","link":"https:\/\/freshgarbage.fi\/en\/product\/perturbator-dangerous-days-2\/","title":{"rendered":"Perturbator \u2013 Dangerous Days"},"content":{"rendered":"","protected":false},"excerpt":{"rendered":"<p>2LP, 180g. Ensimm\u00e4inen ja kolmas painos ovat t\u00e4ysin identtisi\u00e4. T\u00e4m\u00e4 on niist\u00e4 jompikumpi.<\/p>\n","protected":false},"featured_media":54074,"template":"","meta":{"_acf_changed":false},"product_brand":[],"product_cat":[127],"product_tag":[],"class_list":{"0":"post-65274","1":"product","2":"type-product","3":"status-publish","4":"has-post-thumbnail","6":"product_cat-electronic-en","7":"pa_formaatti-lp-en","8":"pa_kaytetty-uusi-2nd-hand","10":"first","11":"instock","12":"shipping-taxable","13":"purchasable","14":"product-type-simple"},"acf":[],"_links":{"self":[{"href":"https:\/\/freshgarbage.fi\/en\/wp-json\/wp\/v2\/product\/65274","targetHints":{"allow":["GET"]}}],"collection":[{"href":"https:\/\/freshgarbage.fi\/en\/wp-json\/wp\/v2\/product"}],"about":[{"href":"https:\/\/freshgarbage.fi\/en\/wp-json\/wp\/v2\/types\/product"}],"wp:featuredmedia":[{"embeddable":true,"href":"https:\/\/freshgarbage.fi\/en\/wp-json\/wp\/v2\/media\/54074"}],"wp:attachment":[{"href":"https:\/\/freshgarbage.fi\/en\/wp-json\/wp\/v2\/media?parent=65274"}],"wp:term":[{"taxonomy":"product_brand","embeddable":true,"href":"https:\/\/freshgarbage.fi\/en\/wp-json\/wp\/v2\/product_brand?post=65274"},{"taxonomy":"product_cat","embeddable":true,"href":"https:\/\/freshgarbage.fi\/en\/wp-json\/wp\/v2\/product_cat?post=65274"},{"taxonomy":"product_tag","embeddable":true,"href":"https:\/\/freshgarbage.fi\/en\/wp-json\/wp\/v2\/product_tag?post=65274"}],"curies":[{"name":"wp","href":"https:\/\/api.w.org\/{rel}","templated":true}]}}